{"id":2134,"date":"2024-02-27T10:28:03","date_gmt":"2024-02-27T08:28:03","guid":{"rendered":"https:\/\/veronikamilovzorova22.thkit.ee\/wp\/?page_id=2134"},"modified":"2024-02-27T10:28:05","modified_gmt":"2024-02-27T08:28:05","slug":"basic-writing-and-formatting-syntax","status":"publish","type":"page","link":"https:\/\/veronikamilovzorova22.thkit.ee\/wp\/et\/basic-writing-and-formatting-syntax\/","title":{"rendered":"Basic writing and formatting syntax"},"content":{"rendered":"\n<p>Markdown on lihtsasti loetav ja lihtsalt kirjutatav keel lihtteksti vormindamiseks. Saate kasutada Markdowni s\u00fcntaksit koos m\u00f5ningate t\u00e4iendavate HTML-m\u00e4rgenditega, et vormindada oma kirjutist GitHubis sellistes kohtades nagu hoidla README-d ning t\u00f5mbetaotluste ja probleemide kommentaarid. Sellest juhendist saate teada m\u00f5ningaid t\u00e4psemaid vormindamisfunktsioone, luues v\u00f5i muutes oma GitHubi profiili jaoks README.<\/p>\n\n\n\n<p>Iga GitHubi kommentaariv\u00e4li sisaldab teksti vormindamise t\u00f6\u00f6riistariba, mis v\u00f5imaldab teil teksti vormindada ilma Markdowni s\u00fcntaksit \u00f5ppimata. Lisaks Markdowni vormindamisele (nt paksus ja kaldkirjas stiilid) ning p\u00e4iste, linkide ja loendite loomisele sisaldab t\u00f6\u00f6riistariba GitHubi spetsiifilisi funktsioone, nagu @-mainimised, \u00fclesannete loendid ning probleemide ja t\u00f5mbetaotluste lingid.<\/p>\n","protected":false},"excerpt":{"rendered":"<p>Markdown on lihtsasti loetav ja lihtsalt kirjutatav keel lihtteksti vormindamiseks. Saate kasutada Markdowni s\u00fcntaksit koos m\u00f5ningate t\u00e4iendavate HTML-m\u00e4rgenditega, et vormindada oma kirjutist GitHubis sellistes kohtades nagu hoidla README-d ning t\u00f5mbetaotluste ja probleemide kommentaarid. Sellest juhendist saate teada m\u00f5ningaid t\u00e4psemaid vormindamisfunktsioone, luues v\u00f5i muutes oma GitHubi profiili jaoks README. Iga GitHubi kommentaariv\u00e4li sisaldab teksti vormindamise t\u00f6\u00f6riistariba, [&hellip;]<\/p>\n","protected":false},"author":1,"featured_media":0,"parent":0,"menu_order":0,"comment_status":"closed","ping_status":"closed","template":"","meta":{"footnotes":""},"class_list":["post-2134","page","type-page","status-publish","hentry"],"yoast_head":"<!-- This site is optimized with the Yoast SEO plugin v27.4 - https:\/\/yoast.com\/product\/yoast-seo-wordpress\/ -->\n<title>Basic writing and formatting syntax - Veronika Milovzorova portfolio\/ est<\/title>\n<meta name=\"robots\" content=\"index, follow, max-snippet:-1, max-image-preview:large, max-video-preview:-1\" \/>\n<link rel=\"canonical\" href=\"https:\/\/veronikamilovzorova22.thkit.ee\/wp\/et\/basic-writing-and-formatting-syntax\/\" \/>\n<meta property=\"og:locale\" content=\"et_EE\" \/>\n<meta property=\"og:type\" content=\"article\" \/>\n<meta property=\"og:title\" content=\"Basic writing and formatting syntax - Veronika Milovzorova portfolio\/ est\" \/>\n<meta property=\"og:description\" content=\"Markdown on lihtsasti loetav ja lihtsalt kirjutatav keel lihtteksti vormindamiseks. Saate kasutada Markdowni s\u00fcntaksit koos m\u00f5ningate t\u00e4iendavate HTML-m\u00e4rgenditega, et vormindada oma kirjutist GitHubis sellistes kohtades nagu hoidla README-d ning t\u00f5mbetaotluste ja probleemide kommentaarid. Sellest juhendist saate teada m\u00f5ningaid t\u00e4psemaid vormindamisfunktsioone, luues v\u00f5i muutes oma GitHubi profiili jaoks README. Iga GitHubi kommentaariv\u00e4li sisaldab teksti vormindamise t\u00f6\u00f6riistariba, [&hellip;]\" \/>\n<meta property=\"og:url\" content=\"https:\/\/veronikamilovzorova22.thkit.ee\/wp\/et\/basic-writing-and-formatting-syntax\/\" \/>\n<meta property=\"og:site_name\" content=\"Veronika Milovzorova portfolio\/ est\" \/>\n<meta property=\"article:modified_time\" content=\"2024-02-27T08:28:05+00:00\" \/>\n<meta name=\"twitter:card\" content=\"summary_large_image\" \/>\n<meta name=\"twitter:label1\" content=\"Est. reading time\" \/>\n\t<meta name=\"twitter:data1\" content=\"1 minut\" \/>\n<script type=\"application\/ld+json\" class=\"yoast-schema-graph\">{\"@context\":\"https:\\\/\\\/schema.org\",\"@graph\":[{\"@type\":\"WebPage\",\"@id\":\"https:\\\/\\\/veronikamilovzorova22.thkit.ee\\\/wp\\\/basic-writing-and-formatting-syntax\\\/\",\"url\":\"https:\\\/\\\/veronikamilovzorova22.thkit.ee\\\/wp\\\/basic-writing-and-formatting-syntax\\\/\",\"name\":\"Basic writing and formatting syntax - Veronika Milovzorova portfolio\\\/ est\",\"isPartOf\":{\"@id\":\"https:\\\/\\\/veronikamilovzorova22.thkit.ee\\\/wp\\\/#website\"},\"datePublished\":\"2024-02-27T08:28:03+00:00\",\"dateModified\":\"2024-02-27T08:28:05+00:00\",\"breadcrumb\":{\"@id\":\"https:\\\/\\\/veronikamilovzorova22.thkit.ee\\\/wp\\\/basic-writing-and-formatting-syntax\\\/#breadcrumb\"},\"inLanguage\":\"et\",\"potentialAction\":[{\"@type\":\"ReadAction\",\"target\":[\"https:\\\/\\\/veronikamilovzorova22.thkit.ee\\\/wp\\\/basic-writing-and-formatting-syntax\\\/\"]}]},{\"@type\":\"BreadcrumbList\",\"@id\":\"https:\\\/\\\/veronikamilovzorova22.thkit.ee\\\/wp\\\/basic-writing-and-formatting-syntax\\\/#breadcrumb\",\"itemListElement\":[{\"@type\":\"ListItem\",\"position\":1,\"name\":\"Home\",\"item\":\"https:\\\/\\\/veronikamilovzorova22.thkit.ee\\\/wp\\\/\"},{\"@type\":\"ListItem\",\"position\":2,\"name\":\"Basic writing and formatting syntax\"}]},{\"@type\":\"WebSite\",\"@id\":\"https:\\\/\\\/veronikamilovzorova22.thkit.ee\\\/wp\\\/#website\",\"url\":\"https:\\\/\\\/veronikamilovzorova22.thkit.ee\\\/wp\\\/\",\"name\":\"Veronika Milovzorova portfolio\\\/ est\",\"description\":\"Noorem Tarkvaraarendaja\",\"potentialAction\":[{\"@type\":\"SearchAction\",\"target\":{\"@type\":\"EntryPoint\",\"urlTemplate\":\"https:\\\/\\\/veronikamilovzorova22.thkit.ee\\\/wp\\\/?s={search_term_string}\"},\"query-input\":{\"@type\":\"PropertyValueSpecification\",\"valueRequired\":true,\"valueName\":\"search_term_string\"}}],\"inLanguage\":\"et\"}]}<\/script>\n<!-- \/ Yoast SEO plugin. -->","yoast_head_json":{"title":"Basic writing and formatting syntax - Veronika Milovzorova portfolio\/ est","robots":{"index":"index","follow":"follow","max-snippet":"max-snippet:-1","max-image-preview":"max-image-preview:large","max-video-preview":"max-video-preview:-1"},"canonical":"https:\/\/veronikamilovzorova22.thkit.ee\/wp\/et\/basic-writing-and-formatting-syntax\/","og_locale":"et_EE","og_type":"article","og_title":"Basic writing and formatting syntax - Veronika Milovzorova portfolio\/ est","og_description":"Markdown on lihtsasti loetav ja lihtsalt kirjutatav keel lihtteksti vormindamiseks. Saate kasutada Markdowni s\u00fcntaksit koos m\u00f5ningate t\u00e4iendavate HTML-m\u00e4rgenditega, et vormindada oma kirjutist GitHubis sellistes kohtades nagu hoidla README-d ning t\u00f5mbetaotluste ja probleemide kommentaarid. Sellest juhendist saate teada m\u00f5ningaid t\u00e4psemaid vormindamisfunktsioone, luues v\u00f5i muutes oma GitHubi profiili jaoks README. Iga GitHubi kommentaariv\u00e4li sisaldab teksti vormindamise t\u00f6\u00f6riistariba, [&hellip;]","og_url":"https:\/\/veronikamilovzorova22.thkit.ee\/wp\/et\/basic-writing-and-formatting-syntax\/","og_site_name":"Veronika Milovzorova portfolio\/ est","article_modified_time":"2024-02-27T08:28:05+00:00","twitter_card":"summary_large_image","twitter_misc":{"Est. reading time":"1 minut"},"schema":{"@context":"https:\/\/schema.org","@graph":[{"@type":"WebPage","@id":"https:\/\/veronikamilovzorova22.thkit.ee\/wp\/basic-writing-and-formatting-syntax\/","url":"https:\/\/veronikamilovzorova22.thkit.ee\/wp\/basic-writing-and-formatting-syntax\/","name":"Basic writing and formatting syntax - Veronika Milovzorova portfolio\/ est","isPartOf":{"@id":"https:\/\/veronikamilovzorova22.thkit.ee\/wp\/#website"},"datePublished":"2024-02-27T08:28:03+00:00","dateModified":"2024-02-27T08:28:05+00:00","breadcrumb":{"@id":"https:\/\/veronikamilovzorova22.thkit.ee\/wp\/basic-writing-and-formatting-syntax\/#breadcrumb"},"inLanguage":"et","potentialAction":[{"@type":"ReadAction","target":["https:\/\/veronikamilovzorova22.thkit.ee\/wp\/basic-writing-and-formatting-syntax\/"]}]},{"@type":"BreadcrumbList","@id":"https:\/\/veronikamilovzorova22.thkit.ee\/wp\/basic-writing-and-formatting-syntax\/#breadcrumb","itemListElement":[{"@type":"ListItem","position":1,"name":"Home","item":"https:\/\/veronikamilovzorova22.thkit.ee\/wp\/"},{"@type":"ListItem","position":2,"name":"Basic writing and formatting syntax"}]},{"@type":"WebSite","@id":"https:\/\/veronikamilovzorova22.thkit.ee\/wp\/#website","url":"https:\/\/veronikamilovzorova22.thkit.ee\/wp\/","name":"Veronika Milovzorova portfolio\/ est","description":"Noorem Tarkvaraarendaja","potentialAction":[{"@type":"SearchAction","target":{"@type":"EntryPoint","urlTemplate":"https:\/\/veronikamilovzorova22.thkit.ee\/wp\/?s={search_term_string}"},"query-input":{"@type":"PropertyValueSpecification","valueRequired":true,"valueName":"search_term_string"}}],"inLanguage":"et"}]}},"jetpack_sharing_enabled":true,"_links":{"self":[{"href":"https:\/\/veronikamilovzorova22.thkit.ee\/wp\/et\/wp-json\/wp\/v2\/pages\/2134","targetHints":{"allow":["GET"]}}],"collection":[{"href":"https:\/\/veronikamilovzorova22.thkit.ee\/wp\/et\/wp-json\/wp\/v2\/pages"}],"about":[{"href":"https:\/\/veronikamilovzorova22.thkit.ee\/wp\/et\/wp-json\/wp\/v2\/types\/page"}],"author":[{"embeddable":true,"href":"https:\/\/veronikamilovzorova22.thkit.ee\/wp\/et\/wp-json\/wp\/v2\/users\/1"}],"replies":[{"embeddable":true,"href":"https:\/\/veronikamilovzorova22.thkit.ee\/wp\/et\/wp-json\/wp\/v2\/comments?post=2134"}],"version-history":[{"count":1,"href":"https:\/\/veronikamilovzorova22.thkit.ee\/wp\/et\/wp-json\/wp\/v2\/pages\/2134\/revisions"}],"predecessor-version":[{"id":2135,"href":"https:\/\/veronikamilovzorova22.thkit.ee\/wp\/et\/wp-json\/wp\/v2\/pages\/2134\/revisions\/2135"}],"wp:attachment":[{"href":"https:\/\/veronikamilovzorova22.thkit.ee\/wp\/et\/wp-json\/wp\/v2\/media?parent=2134"}],"curies":[{"name":"wp","href":"https:\/\/api.w.org\/{rel}","templated":true}]}}