{"id":1149,"date":"2023-05-23T20:18:03","date_gmt":"2023-05-23T17:18:03","guid":{"rendered":"https:\/\/portfoolio403336508.wordpress.com\/?page_id=1149"},"modified":"2023-05-23T20:18:03","modified_gmt":"2023-05-23T17:18:03","slug":"ab-aviafirma","status":"publish","type":"page","link":"https:\/\/veronikamilovzorova22.thkit.ee\/wp\/et\/ab-aviafirma\/","title":{"rendered":"ab aviafirma"},"content":{"rendered":"\n<p><strong>1.\u00a0 Company (ID_comp, name)<\/strong><\/p>\n\n\n\n<pre class=\"wp-block-syntaxhighlighter-code\">CREATE TABLE Company(\n    ID_comp int PRIMARY KEY AUTO_INCREMENT,\n    name char(10))<\/pre>\n\n\n\n<p><strong>2. Trip (trip_no, id_comp, plane, town_from, town_to, time_out, time_in)<\/strong><\/p>\n\n\n\n<pre class=\"wp-block-syntaxhighlighter-code\">CREATE TABLE trip(\n    trip_no int PRIMARY KEY AUTO_INCREMENT,\n    ID_comp int,\n    FOREIGN KEY (ID_comp) REFERENCES company(ID_comp),\n    plane char(10),\n    town_from char(25),\n    town_to char(25),\n    time_out datetime,\n    time_in datetime)<\/pre>\n\n\n\n<p><strong>3. Passenger (ID_psg, name)<\/strong><\/p>\n\n\n\n<pre class=\"wp-block-syntaxhighlighter-code\">CREATE TABLE passenger(\n    ID_psg int PRIMARY KEY AUTO_INCREMENT,\n    name char(20))<\/pre>\n\n\n\n<p><strong>4. Pass_in_trip (trip_no, date, ID_psg, place)<\/strong><\/p>\n\n\n\n<pre class=\"wp-block-syntaxhighlighter-code\">CREATE TABLE pass_in_trip(\n    trip_no int,\n    FOREIGN KEY (trip_no) REFERENCES trip(trip_no),\n    date datetime,\n    ID_psg int,\n    FOREIGN KEY (ID_psg) REFERENCES passenger(ID_psg),\n    place char(10),\n    PRIMARY KEY(trip_no, date, ID_psg))<\/pre>\n\n\n\n<pre class=\"wp-block-syntaxhighlighter-code\">ALTER TABLE pass_in_trip ADD CONSTRAINT fk_trip_no\tFOREIGN KEY (trip_no) REFERENCES trip(trip_no)<\/pre>\n\n\n\n<figure class=\"wp-block-image size-large\"><img loading=\"lazy\" decoding=\"async\" width=\"540\" height=\"399\" src=\"https:\/\/veronikamilovzorova22.thkit.ee\/wp\/wp-content\/uploads\/2023\/05\/image.png?w=540\" alt=\"\" class=\"wp-image-1154\" srcset=\"https:\/\/veronikamilovzorova22.thkit.ee\/wp\/wp-content\/uploads\/2023\/05\/image.png 540w, https:\/\/veronikamilovzorova22.thkit.ee\/wp\/wp-content\/uploads\/2023\/05\/image-300x222.png 300w\" sizes=\"auto, (max-width: 540px) 100vw, 540px\" \/><\/figure>\n\n\n\n<pre class=\"wp-block-syntaxhighlighter-code\">INSERT INTO company(name)\nVALUES ('Airbaltic');\nINSERT INTO company(name)\nVALUES ('Sportlines');\nINSERT INTO company(name)\nVALUES ('Chinalines')<\/pre>\n\n\n\n<figure class=\"wp-block-image size-large is-resized\"><img loading=\"lazy\" decoding=\"async\" src=\"https:\/\/veronikamilovzorova22.thkit.ee\/wp\/wp-content\/uploads\/2023\/05\/image-1.png?w=154\" alt=\"\" class=\"wp-image-1156\" width=\"213\" height=\"148\" \/><\/figure>\n\n\n\n<pre class=\"wp-block-syntaxhighlighter-code\">INSERT INTO passenger(name)\nVALUES ('Aleks Smirnov');\nINSERT INTO passenger(name)\nVALUES ('Anna Petrova');\nINSERT INTO passenger(name)\nVALUES ('Pavel Murovec');\nINSERT INTO passenger(name)\nVALUES ('Aleksandr Aleksandrov');\nINSERT INTO passenger(name)\nVALUES ('Andrei Galkin')<\/pre>\n\n\n\n<figure class=\"wp-block-image size-large is-resized\"><img loading=\"lazy\" decoding=\"async\" src=\"https:\/\/veronikamilovzorova22.thkit.ee\/wp\/wp-content\/uploads\/2023\/05\/image-2-1.png?w=209\" alt=\"\" class=\"wp-image-1159\" width=\"255\" height=\"196\" \/><\/figure>\n\n\n\n<pre class=\"wp-block-syntaxhighlighter-code\">INSERT INTO trip(ID_comp, plane, town_from, town_to, time_out, time_in)\nVALUES(3,'P-17','Barcelona','Tallinn','2022-09-17 05-56','2022-9-30 11-42');\nINSERT INTO trip(ID_comp, plane, town_from, town_to, time_out, time_in)\nVALUES(2,'F-3','Moskva','Piter','2017-02-11 20-06','2017-02-14 23-56');\nINSERT INTO trip(ID_comp, plane, town_from, town_to, time_out, time_in)\nVALUES(1,'P-5123','Tokyo','Delhi','2023-01-01 9-02','2023-01-09 20-53');\nINSERT INTO trip(ID_comp, plane, town_from, town_to, time_out, time_in)\nVALUES(1,'A-47','Kyiv','New York','2019-07-03 12-00','2019-07-14 3-00');\nINSERT INTO trip(ID_comp, plane, town_from, town_to, time_out, time_in)\nVALUES(3,'U-2','Chicago','Amsterdam','2015-02-09 14-21','2015-02-15 18-12')<\/pre>\n\n\n\n<figure class=\"wp-block-image size-large is-resized\"><img loading=\"lazy\" decoding=\"async\" src=\"https:\/\/veronikamilovzorova22.thkit.ee\/wp\/wp-content\/uploads\/2023\/05\/image-3.png?w=620\" alt=\"\" class=\"wp-image-1161\" width=\"730\" height=\"192\" srcset=\"https:\/\/veronikamilovzorova22.thkit.ee\/wp\/wp-content\/uploads\/2023\/05\/image-3.png 620w, https:\/\/veronikamilovzorova22.thkit.ee\/wp\/wp-content\/uploads\/2023\/05\/image-3-600x158.png 600w, https:\/\/veronikamilovzorova22.thkit.ee\/wp\/wp-content\/uploads\/2023\/05\/image-3-300x79.png 300w\" sizes=\"auto, (max-width: 730px) 100vw, 730px\" \/><\/figure>\n\n\n\n<pre class=\"wp-block-syntaxhighlighter-code\">INSERT INTO pass_in_trip(trip_no, date, ID_psg, place)\nVALUES (1,'2022-09-17 05-56',1,'4b');\nINSERT INTO pass_in_trip(trip_no, date, ID_psg, place)\nVALUES (2,'2017-02-11 20-06',4,'2r');\nINSERT INTO pass_in_trip(trip_no, date, ID_psg, place)\nVALUES (3,'2023-01-01 09-02',3,'9c');\nINSERT INTO pass_in_trip(trip_no, date, ID_psg, place)\nVALUES (4,'2019-07-03 12-00',2,'1b');\nINSERT INTO pass_in_trip(trip_no, date, ID_psg, place)\nVALUES (5,'2015-02-09 14-21',5,'5r')<\/pre>\n\n\n\n<figure class=\"wp-block-image size-large is-resized\"><img loading=\"lazy\" decoding=\"async\" src=\"https:\/\/veronikamilovzorova22.thkit.ee\/wp\/wp-content\/uploads\/2023\/05\/image-4.png?w=318\" alt=\"\" class=\"wp-image-1163\" width=\"363\" height=\"178\" srcset=\"https:\/\/veronikamilovzorova22.thkit.ee\/wp\/wp-content\/uploads\/2023\/05\/image-4.png 318w, https:\/\/veronikamilovzorova22.thkit.ee\/wp\/wp-content\/uploads\/2023\/05\/image-4-300x147.png 300w\" sizes=\"auto, (max-width: 363px) 100vw, 363px\" \/><\/figure>\n\n\n\n<p><strong>1. \u0412 \u0442\u0430\u0431\u043b\u0438\u0446\u0443 Passenger \u0434\u043e\u0431\u0430\u0432\u044c\u0442\u0435 \u043f\u043e\u043b\u0435 Age (\u0432\u043e\u0437\u0440\u0430\u0441\u0442).<\/strong><\/p>\n\n\n\n<pre class=\"wp-block-syntaxhighlighter-code\">ALTER TABLE passenger ADD COLUMN age int\n\n\nUPDATE passenger SET age=19\nWHERE ID_psg=1;\nUPDATE passenger SET age=25\nWHERE ID_psg=2;\nUPDATE passenger SET age=45\nWHERE ID_psg=3;\nUPDATE passenger SET age=18\nWHERE ID_psg=4;\nUPDATE passenger SET age=47\nWHERE ID_psg=5<\/pre>\n\n\n\n<figure class=\"wp-block-image size-large is-resized\"><img loading=\"lazy\" decoding=\"async\" src=\"https:\/\/veronikamilovzorova22.thkit.ee\/wp\/wp-content\/uploads\/2023\/05\/image-5.png?w=318\" alt=\"\" class=\"wp-image-1165\" width=\"389\" height=\"191\" srcset=\"https:\/\/veronikamilovzorova22.thkit.ee\/wp\/wp-content\/uploads\/2023\/05\/image-5.png 318w, https:\/\/veronikamilovzorova22.thkit.ee\/wp\/wp-content\/uploads\/2023\/05\/image-5-300x147.png 300w\" sizes=\"auto, (max-width: 389px) 100vw, 389px\" \/><\/figure>\n\n\n\n<p><strong>1. \u041d\u0430\u0439\u0434\u0438\u0442\u0435 \u0441\u0440\u0435\u0434\u043d\u0438\u0439 \u0432\u043e\u0437\u0440\u0430\u0441\u0442 \u043f\u0430\u0441\u0441\u0430\u0436\u0438\u0440\u043e\u0432.<\/strong><\/p>\n\n\n\n<pre class=\"wp-block-syntaxhighlighter-code\">SELECT AVG(age) AS avg_age FROM passenger<\/pre>\n\n\n\n<figure class=\"wp-block-image size-large is-resized\"><img loading=\"lazy\" decoding=\"async\" src=\"https:\/\/veronikamilovzorova22.thkit.ee\/wp\/wp-content\/uploads\/2023\/05\/image-6.png?w=86\" alt=\"\" class=\"wp-image-1167\" width=\"250\" height=\"177\" \/><\/figure>\n\n\n\n<p><strong>2. \u0421\u043e\u0441\u0442\u0430\u0432\u044c\u0442\u0435 \u0437\u0430\u043f\u0440\u043e\u0441 \u043d\u0430 \u043d\u0430\u0445\u043e\u0436\u0434\u0435\u043d\u0438\u0435 \u043a\u043e\u043b\u0438\u0447\u0435\u0441\u0442\u0432\u0430 \u0437\u043d\u0430\u0447\u0435\u043d\u0438\u0439 \u0432 \u0442\u0430\u0431\u043b\u0438\u0446\u0435 Company.<\/strong><\/p>\n\n\n\n<pre class=\"wp-block-syntaxhighlighter-code\">SELECT COUNT(name) AS kogus FROM company<\/pre>\n\n\n\n<figure class=\"wp-block-image size-large is-resized\"><img loading=\"lazy\" decoding=\"async\" src=\"https:\/\/veronikamilovzorova22.thkit.ee\/wp\/wp-content\/uploads\/2023\/05\/image-7.png?w=75\" alt=\"\" class=\"wp-image-1169\" width=\"202\" height=\"170\" \/><\/figure>\n\n\n\n<p>3. \u041e\u0431\u044a\u044f\u0441\u043d\u0438\u0442\u0435 \u0441\u043b\u043e\u0432\u0430\u043c\u0438, \u0447\u0442\u043e \u0432\u044b\u043f\u043e\u043b\u043d\u044f\u0435\u0442 \u0441\u043b\u0435\u0434\u0443\u044e\u0449\u0438\u0439 \u0437\u0430\u043f\u0440\u043e\u0441 \u0438 \u0440\u0435\u0437\u0443\u043b\u044c\u0442\u0430\u0442 \u0437\u0430\u043f\u0440\u043e\u0441\u0430 \u043a\u043e\u043f\u0438\u0440\u0443\u0439\u0442\u0435<br>\u043d\u0438\u0436\u0435:<\/p>\n\n\n\n<pre class=\"wp-block-syntaxhighlighter-code\">SELECT plane, COUNT(plane) AS Kogus FROM Trip\nGROUP by plane\n\/\/N\u00e4itab, kui palju igat t\u00fc\u00fcpi \u00f5hus\u00f5idukeid on kasutatud.<\/pre>\n\n\n\n<figure class=\"wp-block-image size-large is-resized\"><img loading=\"lazy\" decoding=\"async\" src=\"https:\/\/veronikamilovzorova22.thkit.ee\/wp\/wp-content\/uploads\/2023\/05\/image-8.png?w=127\" alt=\"\" class=\"wp-image-1171\" width=\"192\" height=\"200\" \/><\/figure>\n\n\n\n<pre class=\"wp-block-syntaxhighlighter-code\">SELECT town_from, town_to, time_out, time_in, (time_in-time_out) AS Kestvus\nFROM trip \n\/\/ n\u00e4itab reisi kestust<\/pre>\n\n\n\n<figure class=\"wp-block-image size-large is-resized\"><img loading=\"lazy\" decoding=\"async\" src=\"https:\/\/veronikamilovzorova22.thkit.ee\/wp\/wp-content\/uploads\/2023\/05\/image-9.png?w=334\" alt=\"\" class=\"wp-image-1173\" width=\"403\" height=\"199\" srcset=\"https:\/\/veronikamilovzorova22.thkit.ee\/wp\/wp-content\/uploads\/2023\/05\/image-9.png 334w, https:\/\/veronikamilovzorova22.thkit.ee\/wp\/wp-content\/uploads\/2023\/05\/image-9-300x148.png 300w\" sizes=\"auto, (max-width: 403px) 100vw, 403px\" \/><\/figure>\n","protected":false},"excerpt":{"rendered":"<p>1.\u00a0 Company (ID_comp, name) 2. Trip (trip_no, id_comp, plane, town_from, town_to, time_out, time_in) 3. Passenger (ID_psg, name) 4. Pass_in_trip (trip_no, date, ID_psg, place) 1. \u0412 \u0442\u0430\u0431\u043b\u0438\u0446\u0443 Passenger \u0434\u043e\u0431\u0430\u0432\u044c\u0442\u0435 \u043f\u043e\u043b\u0435 Age (\u0432\u043e\u0437\u0440\u0430\u0441\u0442). 1. \u041d\u0430\u0439\u0434\u0438\u0442\u0435 \u0441\u0440\u0435\u0434\u043d\u0438\u0439 \u0432\u043e\u0437\u0440\u0430\u0441\u0442 \u043f\u0430\u0441\u0441\u0430\u0436\u0438\u0440\u043e\u0432. 2. \u0421\u043e\u0441\u0442\u0430\u0432\u044c\u0442\u0435 \u0437\u0430\u043f\u0440\u043e\u0441 \u043d\u0430 \u043d\u0430\u0445\u043e\u0436\u0434\u0435\u043d\u0438\u0435 \u043a\u043e\u043b\u0438\u0447\u0435\u0441\u0442\u0432\u0430 \u0437\u043d\u0430\u0447\u0435\u043d\u0438\u0439 \u0432 \u0442\u0430\u0431\u043b\u0438\u0446\u0435 Company. 3. \u041e\u0431\u044a\u044f\u0441\u043d\u0438\u0442\u0435 \u0441\u043b\u043e\u0432\u0430\u043c\u0438, \u0447\u0442\u043e \u0432\u044b\u043f\u043e\u043b\u043d\u044f\u0435\u0442 \u0441\u043b\u0435\u0434\u0443\u044e\u0449\u0438\u0439 \u0437\u0430\u043f\u0440\u043e\u0441 \u0438 \u0440\u0435\u0437\u0443\u043b\u044c\u0442\u0430\u0442 [&hellip;]<\/p>\n","protected":false},"author":1,"featured_media":0,"parent":0,"menu_order":0,"comment_status":"closed","ping_status":"closed","template":"","meta":{"footnotes":""},"class_list":["post-1149","page","type-page","status-publish","hentry"],"yoast_head":"<!-- This site is optimized with the Yoast SEO plugin v27.4 - https:\/\/yoast.com\/product\/yoast-seo-wordpress\/ -->\n<title>ab aviafirma - Veronika Milovzorova portfolio\/ est<\/title>\n<meta name=\"robots\" content=\"index, follow, max-snippet:-1, max-image-preview:large, max-video-preview:-1\" \/>\n<link rel=\"canonical\" href=\"https:\/\/veronikamilovzorova22.thkit.ee\/wp\/et\/ab-aviafirma\/\" \/>\n<meta property=\"og:locale\" content=\"et_EE\" \/>\n<meta property=\"og:type\" content=\"article\" \/>\n<meta property=\"og:title\" content=\"ab aviafirma - Veronika Milovzorova portfolio\/ est\" \/>\n<meta property=\"og:description\" content=\"1.\u00a0 Company (ID_comp, name) 2. Trip (trip_no, id_comp, plane, town_from, town_to, time_out, time_in) 3. Passenger (ID_psg, name) 4. Pass_in_trip (trip_no, date, ID_psg, place) 1. \u0412 \u0442\u0430\u0431\u043b\u0438\u0446\u0443 Passenger \u0434\u043e\u0431\u0430\u0432\u044c\u0442\u0435 \u043f\u043e\u043b\u0435 Age (\u0432\u043e\u0437\u0440\u0430\u0441\u0442). 1. \u041d\u0430\u0439\u0434\u0438\u0442\u0435 \u0441\u0440\u0435\u0434\u043d\u0438\u0439 \u0432\u043e\u0437\u0440\u0430\u0441\u0442 \u043f\u0430\u0441\u0441\u0430\u0436\u0438\u0440\u043e\u0432. 2. \u0421\u043e\u0441\u0442\u0430\u0432\u044c\u0442\u0435 \u0437\u0430\u043f\u0440\u043e\u0441 \u043d\u0430 \u043d\u0430\u0445\u043e\u0436\u0434\u0435\u043d\u0438\u0435 \u043a\u043e\u043b\u0438\u0447\u0435\u0441\u0442\u0432\u0430 \u0437\u043d\u0430\u0447\u0435\u043d\u0438\u0439 \u0432 \u0442\u0430\u0431\u043b\u0438\u0446\u0435 Company. 3. \u041e\u0431\u044a\u044f\u0441\u043d\u0438\u0442\u0435 \u0441\u043b\u043e\u0432\u0430\u043c\u0438, \u0447\u0442\u043e \u0432\u044b\u043f\u043e\u043b\u043d\u044f\u0435\u0442 \u0441\u043b\u0435\u0434\u0443\u044e\u0449\u0438\u0439 \u0437\u0430\u043f\u0440\u043e\u0441 \u0438 \u0440\u0435\u0437\u0443\u043b\u044c\u0442\u0430\u0442 [&hellip;]\" \/>\n<meta property=\"og:url\" content=\"https:\/\/veronikamilovzorova22.thkit.ee\/wp\/et\/ab-aviafirma\/\" \/>\n<meta property=\"og:site_name\" content=\"Veronika Milovzorova portfolio\/ est\" \/>\n<meta property=\"og:image\" content=\"https:\/\/veronikamilovzorova22.thkit.ee\/wp\/wp-content\/uploads\/2023\/05\/image.png?w=540\" \/>\n<meta name=\"twitter:card\" content=\"summary_large_image\" \/>\n<meta name=\"twitter:label1\" content=\"Est. reading time\" \/>\n\t<meta name=\"twitter:data1\" content=\"3 minutit\" \/>\n<script type=\"application\/ld+json\" class=\"yoast-schema-graph\">{\"@context\":\"https:\\\/\\\/schema.org\",\"@graph\":[{\"@type\":\"WebPage\",\"@id\":\"https:\\\/\\\/veronikamilovzorova22.thkit.ee\\\/wp\\\/ab-aviafirma\\\/\",\"url\":\"https:\\\/\\\/veronikamilovzorova22.thkit.ee\\\/wp\\\/ab-aviafirma\\\/\",\"name\":\"ab aviafirma - Veronika Milovzorova portfolio\\\/ est\",\"isPartOf\":{\"@id\":\"https:\\\/\\\/veronikamilovzorova22.thkit.ee\\\/wp\\\/#website\"},\"primaryImageOfPage\":{\"@id\":\"https:\\\/\\\/veronikamilovzorova22.thkit.ee\\\/wp\\\/ab-aviafirma\\\/#primaryimage\"},\"image\":{\"@id\":\"https:\\\/\\\/veronikamilovzorova22.thkit.ee\\\/wp\\\/ab-aviafirma\\\/#primaryimage\"},\"thumbnailUrl\":\"https:\\\/\\\/veronikamilovzorova22.thkit.ee\\\/wp\\\/wp-content\\\/uploads\\\/2023\\\/05\\\/image.png?w=540\",\"datePublished\":\"2023-05-23T17:18:03+00:00\",\"breadcrumb\":{\"@id\":\"https:\\\/\\\/veronikamilovzorova22.thkit.ee\\\/wp\\\/ab-aviafirma\\\/#breadcrumb\"},\"inLanguage\":\"et\",\"potentialAction\":[{\"@type\":\"ReadAction\",\"target\":[\"https:\\\/\\\/veronikamilovzorova22.thkit.ee\\\/wp\\\/ab-aviafirma\\\/\"]}]},{\"@type\":\"ImageObject\",\"inLanguage\":\"et\",\"@id\":\"https:\\\/\\\/veronikamilovzorova22.thkit.ee\\\/wp\\\/ab-aviafirma\\\/#primaryimage\",\"url\":\"https:\\\/\\\/veronikamilovzorova22.thkit.ee\\\/wp\\\/wp-content\\\/uploads\\\/2023\\\/05\\\/image.png?w=540\",\"contentUrl\":\"https:\\\/\\\/veronikamilovzorova22.thkit.ee\\\/wp\\\/wp-content\\\/uploads\\\/2023\\\/05\\\/image.png?w=540\"},{\"@type\":\"BreadcrumbList\",\"@id\":\"https:\\\/\\\/veronikamilovzorova22.thkit.ee\\\/wp\\\/ab-aviafirma\\\/#breadcrumb\",\"itemListElement\":[{\"@type\":\"ListItem\",\"position\":1,\"name\":\"Home\",\"item\":\"https:\\\/\\\/veronikamilovzorova22.thkit.ee\\\/wp\\\/\"},{\"@type\":\"ListItem\",\"position\":2,\"name\":\"ab aviafirma\"}]},{\"@type\":\"WebSite\",\"@id\":\"https:\\\/\\\/veronikamilovzorova22.thkit.ee\\\/wp\\\/#website\",\"url\":\"https:\\\/\\\/veronikamilovzorova22.thkit.ee\\\/wp\\\/\",\"name\":\"Veronika Milovzorova portfolio\\\/ est\",\"description\":\"Noorem Tarkvaraarendaja\",\"potentialAction\":[{\"@type\":\"SearchAction\",\"target\":{\"@type\":\"EntryPoint\",\"urlTemplate\":\"https:\\\/\\\/veronikamilovzorova22.thkit.ee\\\/wp\\\/?s={search_term_string}\"},\"query-input\":{\"@type\":\"PropertyValueSpecification\",\"valueRequired\":true,\"valueName\":\"search_term_string\"}}],\"inLanguage\":\"et\"}]}<\/script>\n<!-- \/ Yoast SEO plugin. -->","yoast_head_json":{"title":"ab aviafirma - Veronika Milovzorova portfolio\/ est","robots":{"index":"index","follow":"follow","max-snippet":"max-snippet:-1","max-image-preview":"max-image-preview:large","max-video-preview":"max-video-preview:-1"},"canonical":"https:\/\/veronikamilovzorova22.thkit.ee\/wp\/et\/ab-aviafirma\/","og_locale":"et_EE","og_type":"article","og_title":"ab aviafirma - Veronika Milovzorova portfolio\/ est","og_description":"1.\u00a0 Company (ID_comp, name) 2. Trip (trip_no, id_comp, plane, town_from, town_to, time_out, time_in) 3. Passenger (ID_psg, name) 4. Pass_in_trip (trip_no, date, ID_psg, place) 1. \u0412 \u0442\u0430\u0431\u043b\u0438\u0446\u0443 Passenger \u0434\u043e\u0431\u0430\u0432\u044c\u0442\u0435 \u043f\u043e\u043b\u0435 Age (\u0432\u043e\u0437\u0440\u0430\u0441\u0442). 1. \u041d\u0430\u0439\u0434\u0438\u0442\u0435 \u0441\u0440\u0435\u0434\u043d\u0438\u0439 \u0432\u043e\u0437\u0440\u0430\u0441\u0442 \u043f\u0430\u0441\u0441\u0430\u0436\u0438\u0440\u043e\u0432. 2. \u0421\u043e\u0441\u0442\u0430\u0432\u044c\u0442\u0435 \u0437\u0430\u043f\u0440\u043e\u0441 \u043d\u0430 \u043d\u0430\u0445\u043e\u0436\u0434\u0435\u043d\u0438\u0435 \u043a\u043e\u043b\u0438\u0447\u0435\u0441\u0442\u0432\u0430 \u0437\u043d\u0430\u0447\u0435\u043d\u0438\u0439 \u0432 \u0442\u0430\u0431\u043b\u0438\u0446\u0435 Company. 3. \u041e\u0431\u044a\u044f\u0441\u043d\u0438\u0442\u0435 \u0441\u043b\u043e\u0432\u0430\u043c\u0438, \u0447\u0442\u043e \u0432\u044b\u043f\u043e\u043b\u043d\u044f\u0435\u0442 \u0441\u043b\u0435\u0434\u0443\u044e\u0449\u0438\u0439 \u0437\u0430\u043f\u0440\u043e\u0441 \u0438 \u0440\u0435\u0437\u0443\u043b\u044c\u0442\u0430\u0442 [&hellip;]","og_url":"https:\/\/veronikamilovzorova22.thkit.ee\/wp\/et\/ab-aviafirma\/","og_site_name":"Veronika Milovzorova portfolio\/ est","og_image":[{"url":"https:\/\/veronikamilovzorova22.thkit.ee\/wp\/wp-content\/uploads\/2023\/05\/image.png?w=540","type":"","width":"","height":""}],"twitter_card":"summary_large_image","twitter_misc":{"Est. reading time":"3 minutit"},"schema":{"@context":"https:\/\/schema.org","@graph":[{"@type":"WebPage","@id":"https:\/\/veronikamilovzorova22.thkit.ee\/wp\/ab-aviafirma\/","url":"https:\/\/veronikamilovzorova22.thkit.ee\/wp\/ab-aviafirma\/","name":"ab aviafirma - Veronika Milovzorova portfolio\/ est","isPartOf":{"@id":"https:\/\/veronikamilovzorova22.thkit.ee\/wp\/#website"},"primaryImageOfPage":{"@id":"https:\/\/veronikamilovzorova22.thkit.ee\/wp\/ab-aviafirma\/#primaryimage"},"image":{"@id":"https:\/\/veronikamilovzorova22.thkit.ee\/wp\/ab-aviafirma\/#primaryimage"},"thumbnailUrl":"https:\/\/veronikamilovzorova22.thkit.ee\/wp\/wp-content\/uploads\/2023\/05\/image.png?w=540","datePublished":"2023-05-23T17:18:03+00:00","breadcrumb":{"@id":"https:\/\/veronikamilovzorova22.thkit.ee\/wp\/ab-aviafirma\/#breadcrumb"},"inLanguage":"et","potentialAction":[{"@type":"ReadAction","target":["https:\/\/veronikamilovzorova22.thkit.ee\/wp\/ab-aviafirma\/"]}]},{"@type":"ImageObject","inLanguage":"et","@id":"https:\/\/veronikamilovzorova22.thkit.ee\/wp\/ab-aviafirma\/#primaryimage","url":"https:\/\/veronikamilovzorova22.thkit.ee\/wp\/wp-content\/uploads\/2023\/05\/image.png?w=540","contentUrl":"https:\/\/veronikamilovzorova22.thkit.ee\/wp\/wp-content\/uploads\/2023\/05\/image.png?w=540"},{"@type":"BreadcrumbList","@id":"https:\/\/veronikamilovzorova22.thkit.ee\/wp\/ab-aviafirma\/#breadcrumb","itemListElement":[{"@type":"ListItem","position":1,"name":"Home","item":"https:\/\/veronikamilovzorova22.thkit.ee\/wp\/"},{"@type":"ListItem","position":2,"name":"ab aviafirma"}]},{"@type":"WebSite","@id":"https:\/\/veronikamilovzorova22.thkit.ee\/wp\/#website","url":"https:\/\/veronikamilovzorova22.thkit.ee\/wp\/","name":"Veronika Milovzorova portfolio\/ est","description":"Noorem Tarkvaraarendaja","potentialAction":[{"@type":"SearchAction","target":{"@type":"EntryPoint","urlTemplate":"https:\/\/veronikamilovzorova22.thkit.ee\/wp\/?s={search_term_string}"},"query-input":{"@type":"PropertyValueSpecification","valueRequired":true,"valueName":"search_term_string"}}],"inLanguage":"et"}]}},"jetpack_sharing_enabled":true,"_links":{"self":[{"href":"https:\/\/veronikamilovzorova22.thkit.ee\/wp\/et\/wp-json\/wp\/v2\/pages\/1149","targetHints":{"allow":["GET"]}}],"collection":[{"href":"https:\/\/veronikamilovzorova22.thkit.ee\/wp\/et\/wp-json\/wp\/v2\/pages"}],"about":[{"href":"https:\/\/veronikamilovzorova22.thkit.ee\/wp\/et\/wp-json\/wp\/v2\/types\/page"}],"author":[{"embeddable":true,"href":"https:\/\/veronikamilovzorova22.thkit.ee\/wp\/et\/wp-json\/wp\/v2\/users\/1"}],"replies":[{"embeddable":true,"href":"https:\/\/veronikamilovzorova22.thkit.ee\/wp\/et\/wp-json\/wp\/v2\/comments?post=1149"}],"version-history":[{"count":0,"href":"https:\/\/veronikamilovzorova22.thkit.ee\/wp\/et\/wp-json\/wp\/v2\/pages\/1149\/revisions"}],"wp:attachment":[{"href":"https:\/\/veronikamilovzorova22.thkit.ee\/wp\/et\/wp-json\/wp\/v2\/media?parent=1149"}],"curies":[{"name":"wp","href":"https:\/\/api.w.org\/{rel}","templated":true}]}}