{"id":691,"date":"2023-03-02T11:33:46","date_gmt":"2023-03-02T09:33:46","guid":{"rendered":"https:\/\/portfoolio403336508.wordpress.com\/?page_id=691"},"modified":"2023-03-02T11:33:46","modified_gmt":"2023-03-02T09:33:46","slug":"iseseisev-too","status":"publish","type":"page","link":"https:\/\/veronikamilovzorova22.thkit.ee\/wp\/en\/iseseisev-too\/","title":{"rendered":"tabeli &#8220;film&#8221; loomine"},"content":{"rendered":"<p>1-kasutaja sisestab 1 taht -&gt; naeme k\u00f5ik s\u00f5nad see t\u00e4hega alguses<\/p>\n\n\n\n<figure class=\"wp-block-image size-large is-resized\"><img loading=\"lazy\" decoding=\"async\" src=\"https:\/\/veronikamilovzorova22.thkit.ee\/wp\/wp-content\/uploads\/2023\/03\/pilt-10.png?w=655\" alt=\"\" class=\"wp-image-692\" width=\"521\" height=\"456\" srcset=\"https:\/\/veronikamilovzorova22.thkit.ee\/wp\/wp-content\/uploads\/2023\/03\/pilt-10.png 655w, https:\/\/veronikamilovzorova22.thkit.ee\/wp\/wp-content\/uploads\/2023\/03\/pilt-10-600x525.png 600w, https:\/\/veronikamilovzorova22.thkit.ee\/wp\/wp-content\/uploads\/2023\/03\/pilt-10-300x262.png 300w\" sizes=\"auto, (max-width: 521px) 100vw, 521px\" \/><\/figure>\n\n\n\n<figure class=\"wp-block-image size-large\"><img loading=\"lazy\" decoding=\"async\" width=\"363\" height=\"156\" src=\"https:\/\/veronikamilovzorova22.thkit.ee\/wp\/wp-content\/uploads\/2023\/03\/pilt-11.png?w=363\" alt=\"\" class=\"wp-image-696\" srcset=\"https:\/\/veronikamilovzorova22.thkit.ee\/wp\/wp-content\/uploads\/2023\/03\/pilt-11.png 363w, https:\/\/veronikamilovzorova22.thkit.ee\/wp\/wp-content\/uploads\/2023\/03\/pilt-11-300x129.png 300w\" sizes=\"auto, (max-width: 363px) 100vw, 363px\" \/><\/figure>\n\n\n\n<p>2-kustutakse keel<\/p>\n\n\n\n<figure class=\"wp-block-image size-large is-resized\"><img loading=\"lazy\" decoding=\"async\" src=\"https:\/\/veronikamilovzorova22.thkit.ee\/wp\/wp-content\/uploads\/2023\/03\/pilt-13.png?w=650\" alt=\"\" class=\"wp-image-700\" width=\"574\" height=\"496\" srcset=\"https:\/\/veronikamilovzorova22.thkit.ee\/wp\/wp-content\/uploads\/2023\/03\/pilt-13.png 650w, https:\/\/veronikamilovzorova22.thkit.ee\/wp\/wp-content\/uploads\/2023\/03\/pilt-13-600x519.png 600w, https:\/\/veronikamilovzorova22.thkit.ee\/wp\/wp-content\/uploads\/2023\/03\/pilt-13-300x259.png 300w\" sizes=\"auto, (max-width: 574px) 100vw, 574px\" \/><\/figure>\n\n\n\n<p><\/p>\n\n\n\n<p>3- n\u00e4itab, millised filmid on pikkad ja millised on l\u00fchikesed<\/p>\n\n\n\n<figure class=\"wp-block-image size-large is-resized\"><img loading=\"lazy\" decoding=\"async\" src=\"https:\/\/veronikamilovzorova22.thkit.ee\/wp\/wp-content\/uploads\/2023\/03\/pilt-14-1.png?w=656\" alt=\"\" class=\"wp-image-701\" width=\"588\" height=\"525\" \/><\/figure>\n\n\n\n<figure class=\"wp-block-image size-large is-resized\"><img loading=\"lazy\" decoding=\"async\" src=\"https:\/\/veronikamilovzorova22.thkit.ee\/wp\/wp-content\/uploads\/2023\/03\/pilt-15-1.png?w=295\" alt=\"\" class=\"wp-image-702\" width=\"331\" height=\"174\" \/><\/figure>\n\n\n\n<p>4-liisatakse keel<\/p>\n\n\n\n<figure class=\"wp-block-image size-large is-resized\"><img loading=\"lazy\" decoding=\"async\" src=\"https:\/\/veronikamilovzorova22.thkit.ee\/wp\/wp-content\/uploads\/2023\/03\/pilt-16.png?w=644\" alt=\"\" class=\"wp-image-704\" width=\"633\" height=\"553\" srcset=\"https:\/\/veronikamilovzorova22.thkit.ee\/wp\/wp-content\/uploads\/2023\/03\/pilt-16.png 644w, https:\/\/veronikamilovzorova22.thkit.ee\/wp\/wp-content\/uploads\/2023\/03\/pilt-16-600x525.png 600w, https:\/\/veronikamilovzorova22.thkit.ee\/wp\/wp-content\/uploads\/2023\/03\/pilt-16-300x262.png 300w\" sizes=\"auto, (max-width: 633px) 100vw, 633px\" \/><\/figure>\n\n\n\n<p>5- lisatud veerg &#8220;subtiitrid&#8221;.<\/p>\n\n\n\n<figure class=\"wp-block-image size-large\"><img loading=\"lazy\" decoding=\"async\" width=\"482\" height=\"202\" src=\"https:\/\/veronikamilovzorova22.thkit.ee\/wp\/wp-content\/uploads\/2023\/03\/pilt-17.png?w=482\" alt=\"\" class=\"wp-image-706\" srcset=\"https:\/\/veronikamilovzorova22.thkit.ee\/wp\/wp-content\/uploads\/2023\/03\/pilt-17.png 482w, https:\/\/veronikamilovzorova22.thkit.ee\/wp\/wp-content\/uploads\/2023\/03\/pilt-17-300x126.png 300w\" sizes=\"auto, (max-width: 482px) 100vw, 482px\" \/><\/figure>\n\n\n\n<figure class=\"wp-block-image size-large\"><img decoding=\"async\" src=\"https:\/\/veronikamilovzorova22.thkit.ee\/wp\/wp-content\/uploads\/2023\/03\/pilt-18.png?w=420\" alt=\"\" class=\"wp-image-707\" \/><\/figure>\n\n\n\n<p>6-<\/p>\n\n\n\n<figure class=\"wp-block-embed is-type-wp-embed is-provider-learningapps-org wp-block-embed-learningapps-org\"><div class=\"wp-block-embed__wrapper\">\n<iframe loading=\"lazy\" class=\"wp-embedded-content\" sandbox=\"allow-scripts\" security=\"restricted\" title=\"SQL lause \" src=\"https:\/\/LearningApps.org\/watch?id=p4pcwrdkc23#?secret=ymvwyptq4g\" data-secret=\"ymvwyptq4g\" frameborder=\"0\" width=\"950\" height=\"500\"><\/iframe>\n<\/div><\/figure>","protected":false},"excerpt":{"rendered":"<p>1-kasutaja sisestab 1 taht -&gt; naeme k\u00f5ik s\u00f5nad see t\u00e4hega alguses 2-kustutakse keel 3- n\u00e4itab, millised filmid on pikkad ja millised on l\u00fchikesed 4-liisatakse keel 5- lisatud veerg &#8220;subtiitrid&#8221;. 6-<\/p>","protected":false},"author":1,"featured_media":0,"parent":0,"menu_order":0,"comment_status":"closed","ping_status":"closed","template":"","meta":{"footnotes":""},"class_list":["post-691","page","type-page","status-publish","hentry"],"yoast_head":"<!-- This site is optimized with the Yoast SEO plugin v27.4 - https:\/\/yoast.com\/product\/yoast-seo-wordpress\/ -->\n<title>tabeli &quot;film&quot; loomine - Veronika Milovzorova portfolio\/ est<\/title>\n<meta name=\"robots\" content=\"index, follow, max-snippet:-1, max-image-preview:large, max-video-preview:-1\" \/>\n<link rel=\"canonical\" href=\"https:\/\/veronikamilovzorova22.thkit.ee\/wp\/en\/iseseisev-too\/\" \/>\n<meta property=\"og:locale\" content=\"en_US\" \/>\n<meta property=\"og:type\" content=\"article\" \/>\n<meta property=\"og:title\" content=\"tabeli &quot;film&quot; loomine - Veronika Milovzorova portfolio\/ est\" \/>\n<meta property=\"og:description\" content=\"1-kasutaja sisestab 1 taht -&gt; naeme k\u00f5ik s\u00f5nad see t\u00e4hega alguses 2-kustutakse keel 3- n\u00e4itab, millised filmid on pikkad ja millised on l\u00fchikesed 4-liisatakse keel 5- lisatud veerg &#8220;subtiitrid&#8221;. 6-\" \/>\n<meta property=\"og:url\" content=\"https:\/\/veronikamilovzorova22.thkit.ee\/wp\/en\/iseseisev-too\/\" \/>\n<meta property=\"og:site_name\" content=\"Veronika Milovzorova portfolio\/ est\" \/>\n<meta property=\"og:image\" content=\"https:\/\/veronikamilovzorova22.thkit.ee\/wp\/wp-content\/uploads\/2023\/03\/pilt-10.png?w=655\" \/>\n<meta name=\"twitter:card\" content=\"summary_large_image\" \/>\n<script type=\"application\/ld+json\" class=\"yoast-schema-graph\">{\"@context\":\"https:\\\/\\\/schema.org\",\"@graph\":[{\"@type\":\"WebPage\",\"@id\":\"https:\\\/\\\/veronikamilovzorova22.thkit.ee\\\/wp\\\/iseseisev-too\\\/\",\"url\":\"https:\\\/\\\/veronikamilovzorova22.thkit.ee\\\/wp\\\/iseseisev-too\\\/\",\"name\":\"tabeli \\\"film\\\" loomine - Veronika Milovzorova portfolio\\\/ est\",\"isPartOf\":{\"@id\":\"https:\\\/\\\/veronikamilovzorova22.thkit.ee\\\/wp\\\/#website\"},\"primaryImageOfPage\":{\"@id\":\"https:\\\/\\\/veronikamilovzorova22.thkit.ee\\\/wp\\\/iseseisev-too\\\/#primaryimage\"},\"image\":{\"@id\":\"https:\\\/\\\/veronikamilovzorova22.thkit.ee\\\/wp\\\/iseseisev-too\\\/#primaryimage\"},\"thumbnailUrl\":\"https:\\\/\\\/veronikamilovzorova22.thkit.ee\\\/wp\\\/wp-content\\\/uploads\\\/2023\\\/03\\\/pilt-10.png?w=655\",\"datePublished\":\"2023-03-02T09:33:46+00:00\",\"breadcrumb\":{\"@id\":\"https:\\\/\\\/veronikamilovzorova22.thkit.ee\\\/wp\\\/iseseisev-too\\\/#breadcrumb\"},\"inLanguage\":\"en-US\",\"potentialAction\":[{\"@type\":\"ReadAction\",\"target\":[\"https:\\\/\\\/veronikamilovzorova22.thkit.ee\\\/wp\\\/iseseisev-too\\\/\"]}]},{\"@type\":\"ImageObject\",\"inLanguage\":\"en-US\",\"@id\":\"https:\\\/\\\/veronikamilovzorova22.thkit.ee\\\/wp\\\/iseseisev-too\\\/#primaryimage\",\"url\":\"https:\\\/\\\/veronikamilovzorova22.thkit.ee\\\/wp\\\/wp-content\\\/uploads\\\/2023\\\/03\\\/pilt-10.png?w=655\",\"contentUrl\":\"https:\\\/\\\/veronikamilovzorova22.thkit.ee\\\/wp\\\/wp-content\\\/uploads\\\/2023\\\/03\\\/pilt-10.png?w=655\"},{\"@type\":\"BreadcrumbList\",\"@id\":\"https:\\\/\\\/veronikamilovzorova22.thkit.ee\\\/wp\\\/iseseisev-too\\\/#breadcrumb\",\"itemListElement\":[{\"@type\":\"ListItem\",\"position\":1,\"name\":\"Home\",\"item\":\"https:\\\/\\\/veronikamilovzorova22.thkit.ee\\\/wp\\\/\"},{\"@type\":\"ListItem\",\"position\":2,\"name\":\"tabeli &#8220;film&#8221; loomine\"}]},{\"@type\":\"WebSite\",\"@id\":\"https:\\\/\\\/veronikamilovzorova22.thkit.ee\\\/wp\\\/#website\",\"url\":\"https:\\\/\\\/veronikamilovzorova22.thkit.ee\\\/wp\\\/\",\"name\":\"Veronika Milovzorova portfolio\\\/ est\",\"description\":\"Noorem Tarkvaraarendaja\",\"potentialAction\":[{\"@type\":\"SearchAction\",\"target\":{\"@type\":\"EntryPoint\",\"urlTemplate\":\"https:\\\/\\\/veronikamilovzorova22.thkit.ee\\\/wp\\\/?s={search_term_string}\"},\"query-input\":{\"@type\":\"PropertyValueSpecification\",\"valueRequired\":true,\"valueName\":\"search_term_string\"}}],\"inLanguage\":\"en-US\"}]}<\/script>\n<!-- \/ Yoast SEO plugin. -->","yoast_head_json":{"title":"tabeli \"film\" loomine - Veronika Milovzorova portfolio\/ est","robots":{"index":"index","follow":"follow","max-snippet":"max-snippet:-1","max-image-preview":"max-image-preview:large","max-video-preview":"max-video-preview:-1"},"canonical":"https:\/\/veronikamilovzorova22.thkit.ee\/wp\/en\/iseseisev-too\/","og_locale":"en_US","og_type":"article","og_title":"tabeli \"film\" loomine - Veronika Milovzorova portfolio\/ est","og_description":"1-kasutaja sisestab 1 taht -&gt; naeme k\u00f5ik s\u00f5nad see t\u00e4hega alguses 2-kustutakse keel 3- n\u00e4itab, millised filmid on pikkad ja millised on l\u00fchikesed 4-liisatakse keel 5- lisatud veerg &#8220;subtiitrid&#8221;. 6-","og_url":"https:\/\/veronikamilovzorova22.thkit.ee\/wp\/en\/iseseisev-too\/","og_site_name":"Veronika Milovzorova portfolio\/ est","og_image":[{"url":"https:\/\/veronikamilovzorova22.thkit.ee\/wp\/wp-content\/uploads\/2023\/03\/pilt-10.png?w=655","type":"","width":"","height":""}],"twitter_card":"summary_large_image","schema":{"@context":"https:\/\/schema.org","@graph":[{"@type":"WebPage","@id":"https:\/\/veronikamilovzorova22.thkit.ee\/wp\/iseseisev-too\/","url":"https:\/\/veronikamilovzorova22.thkit.ee\/wp\/iseseisev-too\/","name":"tabeli \"film\" loomine - Veronika Milovzorova portfolio\/ est","isPartOf":{"@id":"https:\/\/veronikamilovzorova22.thkit.ee\/wp\/#website"},"primaryImageOfPage":{"@id":"https:\/\/veronikamilovzorova22.thkit.ee\/wp\/iseseisev-too\/#primaryimage"},"image":{"@id":"https:\/\/veronikamilovzorova22.thkit.ee\/wp\/iseseisev-too\/#primaryimage"},"thumbnailUrl":"https:\/\/veronikamilovzorova22.thkit.ee\/wp\/wp-content\/uploads\/2023\/03\/pilt-10.png?w=655","datePublished":"2023-03-02T09:33:46+00:00","breadcrumb":{"@id":"https:\/\/veronikamilovzorova22.thkit.ee\/wp\/iseseisev-too\/#breadcrumb"},"inLanguage":"en-US","potentialAction":[{"@type":"ReadAction","target":["https:\/\/veronikamilovzorova22.thkit.ee\/wp\/iseseisev-too\/"]}]},{"@type":"ImageObject","inLanguage":"en-US","@id":"https:\/\/veronikamilovzorova22.thkit.ee\/wp\/iseseisev-too\/#primaryimage","url":"https:\/\/veronikamilovzorova22.thkit.ee\/wp\/wp-content\/uploads\/2023\/03\/pilt-10.png?w=655","contentUrl":"https:\/\/veronikamilovzorova22.thkit.ee\/wp\/wp-content\/uploads\/2023\/03\/pilt-10.png?w=655"},{"@type":"BreadcrumbList","@id":"https:\/\/veronikamilovzorova22.thkit.ee\/wp\/iseseisev-too\/#breadcrumb","itemListElement":[{"@type":"ListItem","position":1,"name":"Home","item":"https:\/\/veronikamilovzorova22.thkit.ee\/wp\/"},{"@type":"ListItem","position":2,"name":"tabeli &#8220;film&#8221; loomine"}]},{"@type":"WebSite","@id":"https:\/\/veronikamilovzorova22.thkit.ee\/wp\/#website","url":"https:\/\/veronikamilovzorova22.thkit.ee\/wp\/","name":"Veronika Milovzorova portfolio\/ eng","description":"junior software developer","potentialAction":[{"@type":"SearchAction","target":{"@type":"EntryPoint","urlTemplate":"https:\/\/veronikamilovzorova22.thkit.ee\/wp\/?s={search_term_string}"},"query-input":{"@type":"PropertyValueSpecification","valueRequired":true,"valueName":"search_term_string"}}],"inLanguage":"en-US"}]}},"jetpack_sharing_enabled":true,"_links":{"self":[{"href":"https:\/\/veronikamilovzorova22.thkit.ee\/wp\/en\/wp-json\/wp\/v2\/pages\/691","targetHints":{"allow":["GET"]}}],"collection":[{"href":"https:\/\/veronikamilovzorova22.thkit.ee\/wp\/en\/wp-json\/wp\/v2\/pages"}],"about":[{"href":"https:\/\/veronikamilovzorova22.thkit.ee\/wp\/en\/wp-json\/wp\/v2\/types\/page"}],"author":[{"embeddable":true,"href":"https:\/\/veronikamilovzorova22.thkit.ee\/wp\/en\/wp-json\/wp\/v2\/users\/1"}],"replies":[{"embeddable":true,"href":"https:\/\/veronikamilovzorova22.thkit.ee\/wp\/en\/wp-json\/wp\/v2\/comments?post=691"}],"version-history":[{"count":0,"href":"https:\/\/veronikamilovzorova22.thkit.ee\/wp\/en\/wp-json\/wp\/v2\/pages\/691\/revisions"}],"wp:attachment":[{"href":"https:\/\/veronikamilovzorova22.thkit.ee\/wp\/en\/wp-json\/wp\/v2\/media?parent=691"}],"curies":[{"name":"wp","href":"https:\/\/api.w.org\/{rel}","templated":true}]}}