{"id":580,"date":"2023-02-14T14:24:10","date_gmt":"2023-02-14T12:24:10","guid":{"rendered":"https:\/\/portfoolio403336508.wordpress.com\/?page_id=580"},"modified":"2023-02-14T14:24:10","modified_gmt":"2023-02-14T12:24:10","slug":"autorioigus","status":"publish","type":"page","link":"https:\/\/veronikamilovzorova22.thkit.ee\/wp\/en\/autorioigus\/","title":{"rendered":"autori\u00f5igus"},"content":{"rendered":"<p>autori\u00f5igus kehtib kogu autori eluea jooksul ja 70 aastat p\u00e4rast tema surma. Kui teos on \u00fchist\u00f6\u00f6, kehtib autori\u00f5igus viimase elusoleva autori elu l\u00f5puni ja 70 aastat p\u00e4rast tema surma.<\/p>\n\n\n\n<p>Mis ei ole autori\u00f5igusega kaitstud?<\/p>\n\n\n\n<p>Autori\u00f5iguse kaitse ei kehti:<\/p>\n\n\n\n<pre class=\"wp-block-syntaxhighlighter-code\">need ideed, kujundid, kontseptsioonid, teooriad, protsessid, s\u00fcsteemid, meetodid, kontseptsioonid, p\u00f5him\u00f5tted, avastused, leiutised ja sarnased intellektuaalse tegevuse tulemused, mida t\u00f6\u00f6s kirjeldatakse, selgitatakse v\u00f5i muul viisil v\u00e4ljendatakse;\nrahvakunstiteosed;\n\u00f5igusaktid ja haldusdokumendid (seadused, seadlused, otsused, p\u00f5him\u00e4\u00e4rused, juhendid, korraldused) ja nende ametlikud t\u00f5lked;\nkohtulahendid ja nende ametlikud t\u00f5lked;\nriigi ametlikud s\u00fcmbolid ja organisatsioonide s\u00fcmbolid (lipud, embleemid, ordenid, medalid, m\u00e4rgid jne);<\/pre>\n\n\n\n<figure class=\"wp-block-image size-large\"><img decoding=\"async\" src=\"https:\/\/veronikamilovzorova22.thkit.ee\/wp\/wp-content\/uploads\/2023\/02\/pilt-14-1.png?w=779\" alt=\"\" class=\"wp-image-585\" \/><\/figure>\n\n\n\n<p>Originaalteoste kaitsmine: autori\u00f5igused kaitsevad originaalseid loomingulisi teoseid, nagu raamatud, muusika, pildid ja palju muud, v\u00e4\u00e4rkasutamise ja kopeerimise eest ilma autori loata.\u00d5igus tasule: autoritel on \u00f5igus saada tasu oma teose kasutamise, sealhulgas \u00e4rilise kasutamise eest.Kasutuskontroll: autoritel on \u00f5igus kontrollida oma teose kasutamist ning otsustada, kuidas ja mis eesm\u00e4rkidel seda v\u00f5ib kasutada.<\/p>\n\n\n\n<figure class=\"wp-block-image size-large\"><img decoding=\"async\" src=\"https:\/\/veronikamilovzorova22.thkit.ee\/wp\/wp-content\/uploads\/2023\/02\/pilt-15-1.png?w=463\" alt=\"\" class=\"wp-image-588\" \/><\/figure>\n\n\n\n<figure class=\"wp-block-image size-large\"><img decoding=\"async\" src=\"https:\/\/veronikamilovzorova22.thkit.ee\/wp\/wp-content\/uploads\/2023\/02\/pilt-16-1.png?w=1024\" alt=\"\" class=\"wp-image-590\" \/><\/figure>\n\n\n\n<figure class=\"wp-block-image size-large is-resized\"><img loading=\"lazy\" decoding=\"async\" src=\"https:\/\/veronikamilovzorova22.thkit.ee\/wp\/wp-content\/uploads\/2023\/02\/pilt-17-1.png?w=737\" alt=\"\" class=\"wp-image-591\" width=\"498\" height=\"263\" \/><\/figure>\n\n\n\n<p>piirangud aitavad n\u00e4idata, et tegemist on kellegi isikliku t\u00f6\u00f6ga, mida ei saa varastada. Piirangud pole kasulikud ainult neile, kellele meeldib k\u00f5ik tasuta ja kergesti ligip\u00e4\u00e4setav.<\/p>","protected":false},"excerpt":{"rendered":"<p>autori\u00f5igus kehtib kogu autori eluea jooksul ja 70 aastat p\u00e4rast tema surma. Kui teos on \u00fchist\u00f6\u00f6, kehtib autori\u00f5igus viimase elusoleva autori elu l\u00f5puni ja 70 aastat p\u00e4rast tema surma. Mis ei ole autori\u00f5igusega kaitstud? Autori\u00f5iguse kaitse ei kehti: Originaalteoste kaitsmine: autori\u00f5igused kaitsevad originaalseid loomingulisi teoseid, nagu raamatud, muusika, pildid ja palju muud, v\u00e4\u00e4rkasutamise ja kopeerimise [&hellip;]<\/p>\n","protected":false},"author":1,"featured_media":0,"parent":0,"menu_order":0,"comment_status":"closed","ping_status":"closed","template":"","meta":{"footnotes":""},"class_list":["post-580","page","type-page","status-publish","hentry"],"yoast_head":"<!-- This site is optimized with the Yoast SEO plugin v27.4 - https:\/\/yoast.com\/product\/yoast-seo-wordpress\/ -->\n<title>autori\u00f5igus - Veronika Milovzorova portfolio\/ est<\/title>\n<meta name=\"robots\" content=\"index, follow, max-snippet:-1, max-image-preview:large, max-video-preview:-1\" \/>\n<link rel=\"canonical\" href=\"https:\/\/veronikamilovzorova22.thkit.ee\/wp\/en\/autorioigus\/\" \/>\n<meta property=\"og:locale\" content=\"en_US\" \/>\n<meta property=\"og:type\" content=\"article\" \/>\n<meta property=\"og:title\" content=\"autori\u00f5igus - Veronika Milovzorova portfolio\/ est\" \/>\n<meta property=\"og:description\" content=\"autori\u00f5igus kehtib kogu autori eluea jooksul ja 70 aastat p\u00e4rast tema surma. Kui teos on \u00fchist\u00f6\u00f6, kehtib autori\u00f5igus viimase elusoleva autori elu l\u00f5puni ja 70 aastat p\u00e4rast tema surma. Mis ei ole autori\u00f5igusega kaitstud? Autori\u00f5iguse kaitse ei kehti: Originaalteoste kaitsmine: autori\u00f5igused kaitsevad originaalseid loomingulisi teoseid, nagu raamatud, muusika, pildid ja palju muud, v\u00e4\u00e4rkasutamise ja kopeerimise [&hellip;]\" \/>\n<meta property=\"og:url\" content=\"https:\/\/veronikamilovzorova22.thkit.ee\/wp\/en\/autorioigus\/\" \/>\n<meta property=\"og:site_name\" content=\"Veronika Milovzorova portfolio\/ est\" \/>\n<meta property=\"og:image\" content=\"https:\/\/veronikamilovzorova22.thkit.ee\/wp\/wp-content\/uploads\/2023\/02\/pilt-14-1.png?w=779\" \/>\n<meta name=\"twitter:card\" content=\"summary_large_image\" \/>\n<meta name=\"twitter:label1\" content=\"Est. reading time\" \/>\n\t<meta name=\"twitter:data1\" content=\"1 minute\" \/>\n<script type=\"application\/ld+json\" class=\"yoast-schema-graph\">{\"@context\":\"https:\\\/\\\/schema.org\",\"@graph\":[{\"@type\":\"WebPage\",\"@id\":\"https:\\\/\\\/veronikamilovzorova22.thkit.ee\\\/wp\\\/autorioigus\\\/\",\"url\":\"https:\\\/\\\/veronikamilovzorova22.thkit.ee\\\/wp\\\/autorioigus\\\/\",\"name\":\"autori\u00f5igus - Veronika Milovzorova portfolio\\\/ est\",\"isPartOf\":{\"@id\":\"https:\\\/\\\/veronikamilovzorova22.thkit.ee\\\/wp\\\/#website\"},\"primaryImageOfPage\":{\"@id\":\"https:\\\/\\\/veronikamilovzorova22.thkit.ee\\\/wp\\\/autorioigus\\\/#primaryimage\"},\"image\":{\"@id\":\"https:\\\/\\\/veronikamilovzorova22.thkit.ee\\\/wp\\\/autorioigus\\\/#primaryimage\"},\"thumbnailUrl\":\"https:\\\/\\\/veronikamilovzorova22.thkit.ee\\\/wp\\\/wp-content\\\/uploads\\\/2023\\\/02\\\/pilt-14-1.png?w=779\",\"datePublished\":\"2023-02-14T12:24:10+00:00\",\"breadcrumb\":{\"@id\":\"https:\\\/\\\/veronikamilovzorova22.thkit.ee\\\/wp\\\/autorioigus\\\/#breadcrumb\"},\"inLanguage\":\"en-US\",\"potentialAction\":[{\"@type\":\"ReadAction\",\"target\":[\"https:\\\/\\\/veronikamilovzorova22.thkit.ee\\\/wp\\\/autorioigus\\\/\"]}]},{\"@type\":\"ImageObject\",\"inLanguage\":\"en-US\",\"@id\":\"https:\\\/\\\/veronikamilovzorova22.thkit.ee\\\/wp\\\/autorioigus\\\/#primaryimage\",\"url\":\"https:\\\/\\\/veronikamilovzorova22.thkit.ee\\\/wp\\\/wp-content\\\/uploads\\\/2023\\\/02\\\/pilt-14-1.png?w=779\",\"contentUrl\":\"https:\\\/\\\/veronikamilovzorova22.thkit.ee\\\/wp\\\/wp-content\\\/uploads\\\/2023\\\/02\\\/pilt-14-1.png?w=779\"},{\"@type\":\"BreadcrumbList\",\"@id\":\"https:\\\/\\\/veronikamilovzorova22.thkit.ee\\\/wp\\\/autorioigus\\\/#breadcrumb\",\"itemListElement\":[{\"@type\":\"ListItem\",\"position\":1,\"name\":\"Home\",\"item\":\"https:\\\/\\\/veronikamilovzorova22.thkit.ee\\\/wp\\\/\"},{\"@type\":\"ListItem\",\"position\":2,\"name\":\"autori\u00f5igus\"}]},{\"@type\":\"WebSite\",\"@id\":\"https:\\\/\\\/veronikamilovzorova22.thkit.ee\\\/wp\\\/#website\",\"url\":\"https:\\\/\\\/veronikamilovzorova22.thkit.ee\\\/wp\\\/\",\"name\":\"Veronika Milovzorova portfolio\\\/ est\",\"description\":\"Noorem Tarkvaraarendaja\",\"potentialAction\":[{\"@type\":\"SearchAction\",\"target\":{\"@type\":\"EntryPoint\",\"urlTemplate\":\"https:\\\/\\\/veronikamilovzorova22.thkit.ee\\\/wp\\\/?s={search_term_string}\"},\"query-input\":{\"@type\":\"PropertyValueSpecification\",\"valueRequired\":true,\"valueName\":\"search_term_string\"}}],\"inLanguage\":\"en-US\"}]}<\/script>\n<!-- \/ Yoast SEO plugin. -->","yoast_head_json":{"title":"autori\u00f5igus - Veronika Milovzorova portfolio\/ est","robots":{"index":"index","follow":"follow","max-snippet":"max-snippet:-1","max-image-preview":"max-image-preview:large","max-video-preview":"max-video-preview:-1"},"canonical":"https:\/\/veronikamilovzorova22.thkit.ee\/wp\/en\/autorioigus\/","og_locale":"en_US","og_type":"article","og_title":"autori\u00f5igus - Veronika Milovzorova portfolio\/ est","og_description":"autori\u00f5igus kehtib kogu autori eluea jooksul ja 70 aastat p\u00e4rast tema surma. Kui teos on \u00fchist\u00f6\u00f6, kehtib autori\u00f5igus viimase elusoleva autori elu l\u00f5puni ja 70 aastat p\u00e4rast tema surma. Mis ei ole autori\u00f5igusega kaitstud? Autori\u00f5iguse kaitse ei kehti: Originaalteoste kaitsmine: autori\u00f5igused kaitsevad originaalseid loomingulisi teoseid, nagu raamatud, muusika, pildid ja palju muud, v\u00e4\u00e4rkasutamise ja kopeerimise [&hellip;]","og_url":"https:\/\/veronikamilovzorova22.thkit.ee\/wp\/en\/autorioigus\/","og_site_name":"Veronika Milovzorova portfolio\/ est","og_image":[{"url":"https:\/\/veronikamilovzorova22.thkit.ee\/wp\/wp-content\/uploads\/2023\/02\/pilt-14-1.png?w=779","type":"","width":"","height":""}],"twitter_card":"summary_large_image","twitter_misc":{"Est. reading time":"1 minute"},"schema":{"@context":"https:\/\/schema.org","@graph":[{"@type":"WebPage","@id":"https:\/\/veronikamilovzorova22.thkit.ee\/wp\/autorioigus\/","url":"https:\/\/veronikamilovzorova22.thkit.ee\/wp\/autorioigus\/","name":"autori\u00f5igus - Veronika Milovzorova portfolio\/ est","isPartOf":{"@id":"https:\/\/veronikamilovzorova22.thkit.ee\/wp\/#website"},"primaryImageOfPage":{"@id":"https:\/\/veronikamilovzorova22.thkit.ee\/wp\/autorioigus\/#primaryimage"},"image":{"@id":"https:\/\/veronikamilovzorova22.thkit.ee\/wp\/autorioigus\/#primaryimage"},"thumbnailUrl":"https:\/\/veronikamilovzorova22.thkit.ee\/wp\/wp-content\/uploads\/2023\/02\/pilt-14-1.png?w=779","datePublished":"2023-02-14T12:24:10+00:00","breadcrumb":{"@id":"https:\/\/veronikamilovzorova22.thkit.ee\/wp\/autorioigus\/#breadcrumb"},"inLanguage":"en-US","potentialAction":[{"@type":"ReadAction","target":["https:\/\/veronikamilovzorova22.thkit.ee\/wp\/autorioigus\/"]}]},{"@type":"ImageObject","inLanguage":"en-US","@id":"https:\/\/veronikamilovzorova22.thkit.ee\/wp\/autorioigus\/#primaryimage","url":"https:\/\/veronikamilovzorova22.thkit.ee\/wp\/wp-content\/uploads\/2023\/02\/pilt-14-1.png?w=779","contentUrl":"https:\/\/veronikamilovzorova22.thkit.ee\/wp\/wp-content\/uploads\/2023\/02\/pilt-14-1.png?w=779"},{"@type":"BreadcrumbList","@id":"https:\/\/veronikamilovzorova22.thkit.ee\/wp\/autorioigus\/#breadcrumb","itemListElement":[{"@type":"ListItem","position":1,"name":"Home","item":"https:\/\/veronikamilovzorova22.thkit.ee\/wp\/"},{"@type":"ListItem","position":2,"name":"autori\u00f5igus"}]},{"@type":"WebSite","@id":"https:\/\/veronikamilovzorova22.thkit.ee\/wp\/#website","url":"https:\/\/veronikamilovzorova22.thkit.ee\/wp\/","name":"Veronika Milovzorova portfolio\/ eng","description":"junior software developer","potentialAction":[{"@type":"SearchAction","target":{"@type":"EntryPoint","urlTemplate":"https:\/\/veronikamilovzorova22.thkit.ee\/wp\/?s={search_term_string}"},"query-input":{"@type":"PropertyValueSpecification","valueRequired":true,"valueName":"search_term_string"}}],"inLanguage":"en-US"}]}},"jetpack_sharing_enabled":true,"_links":{"self":[{"href":"https:\/\/veronikamilovzorova22.thkit.ee\/wp\/en\/wp-json\/wp\/v2\/pages\/580","targetHints":{"allow":["GET"]}}],"collection":[{"href":"https:\/\/veronikamilovzorova22.thkit.ee\/wp\/en\/wp-json\/wp\/v2\/pages"}],"about":[{"href":"https:\/\/veronikamilovzorova22.thkit.ee\/wp\/en\/wp-json\/wp\/v2\/types\/page"}],"author":[{"embeddable":true,"href":"https:\/\/veronikamilovzorova22.thkit.ee\/wp\/en\/wp-json\/wp\/v2\/users\/1"}],"replies":[{"embeddable":true,"href":"https:\/\/veronikamilovzorova22.thkit.ee\/wp\/en\/wp-json\/wp\/v2\/comments?post=580"}],"version-history":[{"count":0,"href":"https:\/\/veronikamilovzorova22.thkit.ee\/wp\/en\/wp-json\/wp\/v2\/pages\/580\/revisions"}],"wp:attachment":[{"href":"https:\/\/veronikamilovzorova22.thkit.ee\/wp\/en\/wp-json\/wp\/v2\/media?parent=580"}],"curies":[{"name":"wp","href":"https:\/\/api.w.org\/{rel}","templated":true}]}}