{"id":2114,"date":"2024-02-20T10:18:00","date_gmt":"2024-02-20T08:18:00","guid":{"rendered":"https:\/\/veronikamilovzorova22.thkit.ee\/wp\/?page_id=2114"},"modified":"2024-02-27T11:05:43","modified_gmt":"2024-02-27T09:05:43","slug":"tegevusskeem","status":"publish","type":"page","link":"https:\/\/veronikamilovzorova22.thkit.ee\/wp\/en\/tegevusskeem\/","title":{"rendered":"Tegevusskeem"},"content":{"rendered":"<p>\u2014 \u0434\u0438\u0430\u0433\u0440\u0430\u043c\u043c\u0430 \u0430\u043a\u0442\u0438\u0432\u043d\u043e\u0441\u0442\u0438 \u0438\u043b\u0438 \u0434\u0435\u044f\u0442\u0435\u043b\u044c\u043d\u043e\u0441\u0442\u0438 <strong>(Activity diagramm)<\/strong><\/p>\n\n\n\n<p>Ta on m\u00f5eldud \u00fcldisemalt protsesside modelleerimiseks, kuid sobib kasutada ka v\u00e4iksemaid \u00fclesandeid lahendavate algoritmide kujutamiseks.&nbsp;<\/p>\n\n\n\n<figure class=\"wp-block-image size-full\"><img loading=\"lazy\" decoding=\"async\" width=\"567\" height=\"466\" src=\"https:\/\/veronikamilovzorova22.thkit.ee\/wp\/wp-content\/uploads\/2024\/02\/pilt-3.png\" alt=\"\" class=\"wp-image-2115\" srcset=\"https:\/\/veronikamilovzorova22.thkit.ee\/wp\/wp-content\/uploads\/2024\/02\/pilt-3.png 567w, https:\/\/veronikamilovzorova22.thkit.ee\/wp\/wp-content\/uploads\/2024\/02\/pilt-3-300x247.png 300w, https:\/\/veronikamilovzorova22.thkit.ee\/wp\/wp-content\/uploads\/2024\/02\/pilt-3-150x123.png 150w, https:\/\/veronikamilovzorova22.thkit.ee\/wp\/wp-content\/uploads\/2024\/02\/pilt-3-15x12.png 15w\" sizes=\"auto, (max-width: 567px) 100vw, 567px\" \/><\/figure>\n\n\n\n<ul class=\"wp-block-list\">\n<li><strong>alguss\u00f5lm<\/strong>&nbsp;\u2013 v\u00e4ike must muna, millega algoritm algab, sellest v\u00e4ljub alati \u00fcks voog<\/li>\n\n\n\n<li><strong>toiming<\/strong>&nbsp;&nbsp;\u2013 \u00fcmardatud nurkadega ristk\u00fclik, nendesse kirjutatakse k\u00e4sud, mida algoritmis t\u00e4idetakse<\/li>\n\n\n\n<li><strong>voog<\/strong>&nbsp;&nbsp;\u2013 nool, mis n\u00e4itab \u00fcleminekuid \u00fchest toimingust teise toimingusse; korrektne on, kui igasse toimingusse siseneb \u00fcks voog ning v\u00e4ljub samuti \u00fcks voog<\/li>\n\n\n\n<li><strong>otsustuspunkt<\/strong>\u2013 v\u00e4ike romb, mis t\u00e4histab otsuse tegemise kohta: vastavalt harude juurde kirjutatud tingimusele valitakse toimingute voogude vahel; vastavus if-lausega<\/li>\n\n\n\n<li><strong>tegevuse l\u00f5pp<\/strong>&nbsp;&nbsp;\u2013 must mumm, millega algoritm l\u00f5ppeb<\/li>\n<\/ul>\n\n\n\n<figure class=\"wp-block-image size-full\"><img loading=\"lazy\" decoding=\"async\" width=\"743\" height=\"760\" src=\"https:\/\/veronikamilovzorova22.thkit.ee\/wp\/wp-content\/uploads\/2024\/02\/pilt-11.png\" alt=\"\" class=\"wp-image-2143\" srcset=\"https:\/\/veronikamilovzorova22.thkit.ee\/wp\/wp-content\/uploads\/2024\/02\/pilt-11.png 743w, https:\/\/veronikamilovzorova22.thkit.ee\/wp\/wp-content\/uploads\/2024\/02\/pilt-11-293x300.png 293w, https:\/\/veronikamilovzorova22.thkit.ee\/wp\/wp-content\/uploads\/2024\/02\/pilt-11-147x150.png 147w, https:\/\/veronikamilovzorova22.thkit.ee\/wp\/wp-content\/uploads\/2024\/02\/pilt-11-12x12.png 12w, https:\/\/veronikamilovzorova22.thkit.ee\/wp\/wp-content\/uploads\/2024\/02\/pilt-11-600x614.png 600w\" sizes=\"auto, (max-width: 743px) 100vw, 743px\" \/><\/figure>","protected":false},"excerpt":{"rendered":"<p>\u2014 \u0434\u0438\u0430\u0433\u0440\u0430\u043c\u043c\u0430 \u0430\u043a\u0442\u0438\u0432\u043d\u043e\u0441\u0442\u0438 \u0438\u043b\u0438 \u0434\u0435\u044f\u0442\u0435\u043b\u044c\u043d\u043e\u0441\u0442\u0438 (Activity diagramm) Ta on m\u00f5eldud \u00fcldisemalt protsesside modelleerimiseks, kuid sobib kasutada ka v\u00e4iksemaid \u00fclesandeid lahendavate algoritmide kujutamiseks.&nbsp;<\/p>","protected":false},"author":1,"featured_media":0,"parent":0,"menu_order":0,"comment_status":"closed","ping_status":"closed","template":"","meta":{"footnotes":""},"class_list":["post-2114","page","type-page","status-publish","hentry"],"yoast_head":"<!-- This site is optimized with the Yoast SEO plugin v27.4 - https:\/\/yoast.com\/product\/yoast-seo-wordpress\/ -->\n<title>Tegevusskeem - Veronika Milovzorova portfolio\/ est<\/title>\n<meta name=\"robots\" content=\"index, follow, max-snippet:-1, max-image-preview:large, max-video-preview:-1\" \/>\n<link rel=\"canonical\" href=\"https:\/\/veronikamilovzorova22.thkit.ee\/wp\/en\/tegevusskeem\/\" \/>\n<meta property=\"og:locale\" content=\"en_US\" \/>\n<meta property=\"og:type\" content=\"article\" \/>\n<meta property=\"og:title\" content=\"Tegevusskeem - Veronika Milovzorova portfolio\/ est\" \/>\n<meta property=\"og:description\" content=\"\u2014 \u0434\u0438\u0430\u0433\u0440\u0430\u043c\u043c\u0430 \u0430\u043a\u0442\u0438\u0432\u043d\u043e\u0441\u0442\u0438 \u0438\u043b\u0438 \u0434\u0435\u044f\u0442\u0435\u043b\u044c\u043d\u043e\u0441\u0442\u0438 (Activity diagramm) Ta on m\u00f5eldud \u00fcldisemalt protsesside modelleerimiseks, kuid sobib kasutada ka v\u00e4iksemaid \u00fclesandeid lahendavate algoritmide kujutamiseks.&nbsp;\" \/>\n<meta property=\"og:url\" content=\"https:\/\/veronikamilovzorova22.thkit.ee\/wp\/en\/tegevusskeem\/\" \/>\n<meta property=\"og:site_name\" content=\"Veronika Milovzorova portfolio\/ est\" \/>\n<meta property=\"article:modified_time\" content=\"2024-02-27T09:05:43+00:00\" \/>\n<meta property=\"og:image\" content=\"https:\/\/veronikamilovzorova22.thkit.ee\/wp\/wp-content\/uploads\/2024\/02\/pilt-3.png\" \/>\n<meta name=\"twitter:card\" content=\"summary_large_image\" \/>\n<meta name=\"twitter:label1\" content=\"Est. reading time\" \/>\n\t<meta name=\"twitter:data1\" content=\"1 minute\" \/>\n<script type=\"application\/ld+json\" class=\"yoast-schema-graph\">{\"@context\":\"https:\\\/\\\/schema.org\",\"@graph\":[{\"@type\":\"WebPage\",\"@id\":\"https:\\\/\\\/veronikamilovzorova22.thkit.ee\\\/wp\\\/tegevusskeem\\\/\",\"url\":\"https:\\\/\\\/veronikamilovzorova22.thkit.ee\\\/wp\\\/tegevusskeem\\\/\",\"name\":\"Tegevusskeem - Veronika Milovzorova portfolio\\\/ est\",\"isPartOf\":{\"@id\":\"https:\\\/\\\/veronikamilovzorova22.thkit.ee\\\/wp\\\/#website\"},\"primaryImageOfPage\":{\"@id\":\"https:\\\/\\\/veronikamilovzorova22.thkit.ee\\\/wp\\\/tegevusskeem\\\/#primaryimage\"},\"image\":{\"@id\":\"https:\\\/\\\/veronikamilovzorova22.thkit.ee\\\/wp\\\/tegevusskeem\\\/#primaryimage\"},\"thumbnailUrl\":\"https:\\\/\\\/veronikamilovzorova22.thkit.ee\\\/wp\\\/wp-content\\\/uploads\\\/2024\\\/02\\\/pilt-3.png\",\"datePublished\":\"2024-02-20T08:18:00+00:00\",\"dateModified\":\"2024-02-27T09:05:43+00:00\",\"breadcrumb\":{\"@id\":\"https:\\\/\\\/veronikamilovzorova22.thkit.ee\\\/wp\\\/tegevusskeem\\\/#breadcrumb\"},\"inLanguage\":\"en-US\",\"potentialAction\":[{\"@type\":\"ReadAction\",\"target\":[\"https:\\\/\\\/veronikamilovzorova22.thkit.ee\\\/wp\\\/tegevusskeem\\\/\"]}]},{\"@type\":\"ImageObject\",\"inLanguage\":\"en-US\",\"@id\":\"https:\\\/\\\/veronikamilovzorova22.thkit.ee\\\/wp\\\/tegevusskeem\\\/#primaryimage\",\"url\":\"https:\\\/\\\/veronikamilovzorova22.thkit.ee\\\/wp\\\/wp-content\\\/uploads\\\/2024\\\/02\\\/pilt-3.png\",\"contentUrl\":\"https:\\\/\\\/veronikamilovzorova22.thkit.ee\\\/wp\\\/wp-content\\\/uploads\\\/2024\\\/02\\\/pilt-3.png\"},{\"@type\":\"BreadcrumbList\",\"@id\":\"https:\\\/\\\/veronikamilovzorova22.thkit.ee\\\/wp\\\/tegevusskeem\\\/#breadcrumb\",\"itemListElement\":[{\"@type\":\"ListItem\",\"position\":1,\"name\":\"Home\",\"item\":\"https:\\\/\\\/veronikamilovzorova22.thkit.ee\\\/wp\\\/\"},{\"@type\":\"ListItem\",\"position\":2,\"name\":\"Tegevusskeem\"}]},{\"@type\":\"WebSite\",\"@id\":\"https:\\\/\\\/veronikamilovzorova22.thkit.ee\\\/wp\\\/#website\",\"url\":\"https:\\\/\\\/veronikamilovzorova22.thkit.ee\\\/wp\\\/\",\"name\":\"Veronika Milovzorova portfolio\\\/ est\",\"description\":\"Noorem Tarkvaraarendaja\",\"potentialAction\":[{\"@type\":\"SearchAction\",\"target\":{\"@type\":\"EntryPoint\",\"urlTemplate\":\"https:\\\/\\\/veronikamilovzorova22.thkit.ee\\\/wp\\\/?s={search_term_string}\"},\"query-input\":{\"@type\":\"PropertyValueSpecification\",\"valueRequired\":true,\"valueName\":\"search_term_string\"}}],\"inLanguage\":\"en-US\"}]}<\/script>\n<!-- \/ Yoast SEO plugin. -->","yoast_head_json":{"title":"Tegevusskeem - Veronika Milovzorova portfolio\/ est","robots":{"index":"index","follow":"follow","max-snippet":"max-snippet:-1","max-image-preview":"max-image-preview:large","max-video-preview":"max-video-preview:-1"},"canonical":"https:\/\/veronikamilovzorova22.thkit.ee\/wp\/en\/tegevusskeem\/","og_locale":"en_US","og_type":"article","og_title":"Tegevusskeem - Veronika Milovzorova portfolio\/ est","og_description":"\u2014 \u0434\u0438\u0430\u0433\u0440\u0430\u043c\u043c\u0430 \u0430\u043a\u0442\u0438\u0432\u043d\u043e\u0441\u0442\u0438 \u0438\u043b\u0438 \u0434\u0435\u044f\u0442\u0435\u043b\u044c\u043d\u043e\u0441\u0442\u0438 (Activity diagramm) Ta on m\u00f5eldud \u00fcldisemalt protsesside modelleerimiseks, kuid sobib kasutada ka v\u00e4iksemaid \u00fclesandeid lahendavate algoritmide kujutamiseks.&nbsp;","og_url":"https:\/\/veronikamilovzorova22.thkit.ee\/wp\/en\/tegevusskeem\/","og_site_name":"Veronika Milovzorova portfolio\/ est","article_modified_time":"2024-02-27T09:05:43+00:00","og_image":[{"url":"https:\/\/veronikamilovzorova22.thkit.ee\/wp\/wp-content\/uploads\/2024\/02\/pilt-3.png","type":"","width":"","height":""}],"twitter_card":"summary_large_image","twitter_misc":{"Est. reading time":"1 minute"},"schema":{"@context":"https:\/\/schema.org","@graph":[{"@type":"WebPage","@id":"https:\/\/veronikamilovzorova22.thkit.ee\/wp\/tegevusskeem\/","url":"https:\/\/veronikamilovzorova22.thkit.ee\/wp\/tegevusskeem\/","name":"Tegevusskeem - Veronika Milovzorova portfolio\/ est","isPartOf":{"@id":"https:\/\/veronikamilovzorova22.thkit.ee\/wp\/#website"},"primaryImageOfPage":{"@id":"https:\/\/veronikamilovzorova22.thkit.ee\/wp\/tegevusskeem\/#primaryimage"},"image":{"@id":"https:\/\/veronikamilovzorova22.thkit.ee\/wp\/tegevusskeem\/#primaryimage"},"thumbnailUrl":"https:\/\/veronikamilovzorova22.thkit.ee\/wp\/wp-content\/uploads\/2024\/02\/pilt-3.png","datePublished":"2024-02-20T08:18:00+00:00","dateModified":"2024-02-27T09:05:43+00:00","breadcrumb":{"@id":"https:\/\/veronikamilovzorova22.thkit.ee\/wp\/tegevusskeem\/#breadcrumb"},"inLanguage":"en-US","potentialAction":[{"@type":"ReadAction","target":["https:\/\/veronikamilovzorova22.thkit.ee\/wp\/tegevusskeem\/"]}]},{"@type":"ImageObject","inLanguage":"en-US","@id":"https:\/\/veronikamilovzorova22.thkit.ee\/wp\/tegevusskeem\/#primaryimage","url":"https:\/\/veronikamilovzorova22.thkit.ee\/wp\/wp-content\/uploads\/2024\/02\/pilt-3.png","contentUrl":"https:\/\/veronikamilovzorova22.thkit.ee\/wp\/wp-content\/uploads\/2024\/02\/pilt-3.png"},{"@type":"BreadcrumbList","@id":"https:\/\/veronikamilovzorova22.thkit.ee\/wp\/tegevusskeem\/#breadcrumb","itemListElement":[{"@type":"ListItem","position":1,"name":"Home","item":"https:\/\/veronikamilovzorova22.thkit.ee\/wp\/"},{"@type":"ListItem","position":2,"name":"Tegevusskeem"}]},{"@type":"WebSite","@id":"https:\/\/veronikamilovzorova22.thkit.ee\/wp\/#website","url":"https:\/\/veronikamilovzorova22.thkit.ee\/wp\/","name":"Veronika Milovzorova portfolio\/ eng","description":"junior software developer","potentialAction":[{"@type":"SearchAction","target":{"@type":"EntryPoint","urlTemplate":"https:\/\/veronikamilovzorova22.thkit.ee\/wp\/?s={search_term_string}"},"query-input":{"@type":"PropertyValueSpecification","valueRequired":true,"valueName":"search_term_string"}}],"inLanguage":"en-US"}]}},"jetpack_sharing_enabled":true,"_links":{"self":[{"href":"https:\/\/veronikamilovzorova22.thkit.ee\/wp\/en\/wp-json\/wp\/v2\/pages\/2114","targetHints":{"allow":["GET"]}}],"collection":[{"href":"https:\/\/veronikamilovzorova22.thkit.ee\/wp\/en\/wp-json\/wp\/v2\/pages"}],"about":[{"href":"https:\/\/veronikamilovzorova22.thkit.ee\/wp\/en\/wp-json\/wp\/v2\/types\/page"}],"author":[{"embeddable":true,"href":"https:\/\/veronikamilovzorova22.thkit.ee\/wp\/en\/wp-json\/wp\/v2\/users\/1"}],"replies":[{"embeddable":true,"href":"https:\/\/veronikamilovzorova22.thkit.ee\/wp\/en\/wp-json\/wp\/v2\/comments?post=2114"}],"version-history":[{"count":2,"href":"https:\/\/veronikamilovzorova22.thkit.ee\/wp\/en\/wp-json\/wp\/v2\/pages\/2114\/revisions"}],"predecessor-version":[{"id":2144,"href":"https:\/\/veronikamilovzorova22.thkit.ee\/wp\/en\/wp-json\/wp\/v2\/pages\/2114\/revisions\/2144"}],"wp:attachment":[{"href":"https:\/\/veronikamilovzorova22.thkit.ee\/wp\/en\/wp-json\/wp\/v2\/media?parent=2114"}],"curies":[{"name":"wp","href":"https:\/\/api.w.org\/{rel}","templated":true}]}}