{"id":1082,"date":"2023-05-04T14:06:14","date_gmt":"2023-05-04T11:06:14","guid":{"rendered":"https:\/\/portfoolio403336508.wordpress.com\/?page_id=1082"},"modified":"2023-12-22T09:45:13","modified_gmt":"2023-12-22T07:45:13","slug":"adobe-premiere-pro","status":"publish","type":"page","link":"https:\/\/veronikamilovzorova22.thkit.ee\/wp\/en\/adobe-premiere-pro\/","title":{"rendered":"Adobe Premiere Pro. Video"},"content":{"rendered":"<p><strong>Adobe Premiere Pro video<\/strong> <strong>on professionaalne videoredigeerimise tarkvara, mis on loodud videote redigeerimiseks ja tootmiseks. See pakub palju t\u00f6\u00f6riistu, funktsioone ja v\u00f5imalusi, mis aitavad luua k\u00f5rgekvaliteedilisi videoid, alates v\u00e4ikestest klippidest kuni t\u00e4ispikkade filmideni.<\/strong><\/p>\n\n\n\n<p>P\u00d5HIM\u00d5ISTED<\/p>\n\n\n\n<ol class=\"wp-block-list\">\n<li>Timeline &#8211; See on ala, kus video klipid ja heliribad asuvad ning kus need k\u00e4rbitakse ja monteeritakse kokku. Timelinel on ka m\u00e4rkimisvahendid, mis v\u00f5imaldavad kasutajal m\u00e4rkida kindlaid osi, mis vajavad t\u00e4helepanu.<\/li>\n\n\n\n<li>Clip &#8211; Video klipp on l\u00f5ik videost, mida saab redigeerida ja t\u00f6\u00f6delda erinevalt, nagu l\u00f5igata, k\u00e4rpida ja liimida.<\/li>\n\n\n\n<li>Sequences &#8211; Sequences on videoprojektide kogumik, mis on korraldatud eraldi failides. Neid saab h\u00f5lpsasti redigeerida ja kokku monteerida, et luua \u00fcks t\u00e4ispikk video.<\/li>\n\n\n\n<li>Keyframes &#8211; Keyframes on funktsioon, mis v\u00f5imaldab kasutajatel m\u00e4\u00e4rata kindlaid punkte video klippides, kus muudetakse n\u00e4iteks helitugevust, v\u00e4rvitoone, pildi teravust ja muid muudatusi.<\/li>\n<\/ol>\n\n\n\n<figure class=\"wp-block-image size-full\"><img loading=\"lazy\" decoding=\"async\" width=\"1024\" height=\"538\" src=\"https:\/\/veronikamilovzorova22.thkit.ee\/wp\/wp-content\/uploads\/2023\/05\/pilt-1-1.png\" alt=\"montaz\" class=\"wp-image-1084\" style=\"aspect-ratio:1;object-fit:cover\" srcset=\"https:\/\/veronikamilovzorova22.thkit.ee\/wp\/wp-content\/uploads\/2023\/05\/pilt-1-1.png 1024w, https:\/\/veronikamilovzorova22.thkit.ee\/wp\/wp-content\/uploads\/2023\/05\/pilt-1-1-600x315.png 600w, https:\/\/veronikamilovzorova22.thkit.ee\/wp\/wp-content\/uploads\/2023\/05\/pilt-1-1-300x158.png 300w, https:\/\/veronikamilovzorova22.thkit.ee\/wp\/wp-content\/uploads\/2023\/05\/pilt-1-1-768x404.png 768w\" sizes=\"auto, (max-width: 1024px) 100vw, 1024px\" \/><\/figure>\n\n\n\n<p class=\"has-extra-small-font-size\"><img decoding=\"async\" aria-hidden=\"false\" class=\"r48jcc pT0Scc iPVvYb\" style=\"max-width: 984px;width: 851px;height: 445px;margin: 0px\" src=\"https:\/\/s2.glbimg.com\/p98ONORxYCYJHYMlonoT4VZkPic=\/0x0:695x363\/984x0\/smart\/filters:strip_icc()\/i.s3.glbimg.com\/v1\/AUTH_08fbf48bc0524877943fe86e43087e7a\/internal_photos\/bs\/2021\/v\/G\/2vI5goRWmRy5RzEz8sBw\/2016-07-18-bq.jpg\" alt=\"Como alterar o balan\u00e7o de branco de um v\u00eddeo ou foto no Adobe Premiere |  Dicas e Tutoriais | TechTudo\"><\/p>\n\n\n\n<figure class=\"wp-block-image size-medium\"><img loading=\"lazy\" decoding=\"async\" width=\"300\" height=\"235\" src=\"https:\/\/veronikamilovzorova22.thkit.ee\/wp\/wp-content\/uploads\/2023\/05\/pilt-2-300x235.png\" alt=\"\" class=\"wp-image-1087\" srcset=\"https:\/\/veronikamilovzorova22.thkit.ee\/wp\/wp-content\/uploads\/2023\/05\/pilt-2-300x235.png 300w, https:\/\/veronikamilovzorova22.thkit.ee\/wp\/wp-content\/uploads\/2023\/05\/pilt-2-600x471.png 600w, https:\/\/veronikamilovzorova22.thkit.ee\/wp\/wp-content\/uploads\/2023\/05\/pilt-2-1024x804.png 1024w, https:\/\/veronikamilovzorova22.thkit.ee\/wp\/wp-content\/uploads\/2023\/05\/pilt-2-768x603.png 768w, https:\/\/veronikamilovzorova22.thkit.ee\/wp\/wp-content\/uploads\/2023\/05\/pilt-2.png 1254w\" sizes=\"auto, (max-width: 300px) 100vw, 300px\" \/><\/figure>\n\n\n\n<p>T\u00d6\u00d6RISTAD<\/p>\n\n\n\n<ol class=\"wp-block-list\">\n<li>Razor tool &#8211; Razor tool v\u00f5imaldab kasutajal l\u00f5igata videoid ja heliribasid. Seda t\u00f6\u00f6riista saab kasutada ka heliridade liigutamiseks.<\/li>\n\n\n\n<li>Zoom tool &#8211; Zoom tool v\u00f5imaldab kasutajal suurendada ja v\u00e4hendada videotimeline&#8217;i ja seel\u00e4bi t\u00e4psemalt l\u00f5igata ja monteerida videoid.<\/li>\n\n\n\n<li>Slip tool &#8211; Slip tool v\u00f5imaldab kasutajal liigutada videoklipi sisu vasakule v\u00f5i paremale, ilma et see m\u00f5jutaks klipi \u00fcldpikkust.<\/li>\n\n\n\n<li>Ripple edit tool &#8211; Ripple edit tool v\u00f5imaldab kasutajal muuta videoklipi kestust ilma video kogupikkust muutmata. Seda t\u00f6\u00f6riista saab kasutada ka kaadrite lisamiseks v\u00f5i eemaldamiseks.<\/li>\n<\/ol>\n\n\n\n<p>N\u00c4IDIS<\/p>\n\n\n\n<p>Adobe Premiere Pro pakub laia valikut t\u00f6\u00f6riistu, mis v\u00f5imaldavad videote loomist ja redigeerimist h\u00f5lpsalt teha. Allpool on n\u00e4ide selle kohta, kuidas luua video pealkiri.<\/p>\n\n\n\n<ol class=\"wp-block-list\">\n<li>Avage Adobe Premiere Pro ja looge uus projekt.<\/li>\n\n\n\n<li>Kl\u00f5psake men\u00fc\u00fcs File ja seej\u00e4rel New ja valige pealkirja loomiseks soovitud suurus ja eraldusv\u00f5ime.<\/li>\n\n\n\n<li>Valige valitud suuruse ja eraldusv\u00f5imega t\u00f6\u00f6ruum ja seej\u00e4rel looge oma pealkiri.<\/li>\n\n\n\n<li>Kasutage teksti t\u00f6\u00f6riista, et sisestada pealkirja tekst, valige sobiv font ja teksti suurus<\/li>\n<\/ol>\n\n\n\n<p>https:\/\/goo.su\/k7UwkF<br>https:\/\/goo.su\/5dbByj<\/p>\n\n\n\n<p><a href=\"https:\/\/www.adobe.com\/ee\/products\/premiere\/campaign\/pricing.html?mv=search&amp;mv=search&amp;mv2=paidsearch&amp;sdid=G4FRYP7G&amp;ef_id=CjwKCAiAx_GqBhBQEiwAlDNAZkBrV1nkkoN4rH6UDSgDIekKtKxslx6FNDyCcdgaOtwzmUKbYCpR_BoClVwQAvD_BwE:G:s&amp;s_kwcid=AL!3085!3!474154023737!e!!g!!adobe%20premiere%20pro!11139501346!108006963334&amp;gad_source=1\">https:\/\/www.adobe.com\/ee\/products\/premiere\/campaign\/pricing.html?mv=search&amp;mv=search&amp;mv2=paidsearch&amp;sdid=G4FRYP7G&amp;ef_id=CjwKCAiAx_GqBhBQEiwAlDNAZkBrV1nkkoN4rH6UDSgDIekKtKxslx6FNDyCcdgaOtwzmUKbYCpR_BoClVwQAvD_BwE:G:s&amp;s_kwcid=AL!3085!3!474154023737!e!!g!!adobe%20premiere%20pro!11139501346!108006963334&amp;gad_source=1<\/a><\/p>","protected":false},"excerpt":{"rendered":"<p>Adobe Premiere Pro video on professionaalne videoredigeerimise tarkvara, mis on loodud videote redigeerimiseks ja tootmiseks. See pakub palju t\u00f6\u00f6riistu, funktsioone ja v\u00f5imalusi, mis aitavad luua k\u00f5rgekvaliteedilisi videoid, alates v\u00e4ikestest klippidest kuni t\u00e4ispikkade filmideni. P\u00d5HIM\u00d5ISTED T\u00d6\u00d6RISTAD N\u00c4IDIS Adobe Premiere Pro pakub laia valikut t\u00f6\u00f6riistu, mis v\u00f5imaldavad videote loomist ja redigeerimist h\u00f5lpsalt teha. Allpool on n\u00e4ide selle [&hellip;]<\/p>\n","protected":false},"author":1,"featured_media":0,"parent":0,"menu_order":0,"comment_status":"closed","ping_status":"closed","template":"","meta":{"footnotes":""},"class_list":["post-1082","page","type-page","status-publish","hentry"],"yoast_head":"<!-- This site is optimized with the Yoast SEO plugin v27.4 - https:\/\/yoast.com\/product\/yoast-seo-wordpress\/ -->\n<title>Adobe Premiere Pro. Video - Veronika Milovzorova portfolio\/ est<\/title>\n<meta name=\"description\" content=\"Adobe Premiere Pro. Mis see on, missugused funktsioonid tal on olemas. Mida saab seal teha ja tema ajalugu. Konspekt\" \/>\n<meta name=\"robots\" content=\"index, follow, max-snippet:-1, max-image-preview:large, max-video-preview:-1\" \/>\n<link rel=\"canonical\" href=\"https:\/\/veronikamilovzorova22.thkit.ee\/wp\/en\/adobe-premiere-pro\/\" \/>\n<meta property=\"og:locale\" content=\"en_US\" \/>\n<meta property=\"og:type\" content=\"article\" \/>\n<meta property=\"og:title\" content=\"Adobe Premiere Pro. Video - Veronika Milovzorova portfolio\/ est\" \/>\n<meta property=\"og:description\" content=\"Adobe Premiere Pro. Mis see on, missugused funktsioonid tal on olemas. Mida saab seal teha ja tema ajalugu. Konspekt\" \/>\n<meta property=\"og:url\" content=\"https:\/\/veronikamilovzorova22.thkit.ee\/wp\/en\/adobe-premiere-pro\/\" \/>\n<meta property=\"og:site_name\" content=\"Veronika Milovzorova portfolio\/ est\" \/>\n<meta property=\"article:modified_time\" content=\"2023-12-22T07:45:13+00:00\" \/>\n<meta property=\"og:image\" content=\"https:\/\/veronikamilovzorova22.thkit.ee\/wp\/wp-content\/uploads\/2023\/05\/pilt-1-1.png\" \/>\n<meta name=\"twitter:card\" content=\"summary_large_image\" \/>\n<meta name=\"twitter:label1\" content=\"Est. reading time\" \/>\n\t<meta name=\"twitter:data1\" content=\"3 minutes\" \/>\n<script type=\"application\/ld+json\" class=\"yoast-schema-graph\">{\"@context\":\"https:\\\/\\\/schema.org\",\"@graph\":[{\"@type\":\"WebPage\",\"@id\":\"https:\\\/\\\/veronikamilovzorova22.thkit.ee\\\/wp\\\/adobe-premiere-pro\\\/\",\"url\":\"https:\\\/\\\/veronikamilovzorova22.thkit.ee\\\/wp\\\/adobe-premiere-pro\\\/\",\"name\":\"Adobe Premiere Pro. Video - Veronika Milovzorova portfolio\\\/ est\",\"isPartOf\":{\"@id\":\"https:\\\/\\\/veronikamilovzorova22.thkit.ee\\\/wp\\\/#website\"},\"primaryImageOfPage\":{\"@id\":\"https:\\\/\\\/veronikamilovzorova22.thkit.ee\\\/wp\\\/adobe-premiere-pro\\\/#primaryimage\"},\"image\":{\"@id\":\"https:\\\/\\\/veronikamilovzorova22.thkit.ee\\\/wp\\\/adobe-premiere-pro\\\/#primaryimage\"},\"thumbnailUrl\":\"https:\\\/\\\/veronikamilovzorova22.thkit.ee\\\/wp\\\/wp-content\\\/uploads\\\/2023\\\/05\\\/pilt-1-1.png\",\"datePublished\":\"2023-05-04T11:06:14+00:00\",\"dateModified\":\"2023-12-22T07:45:13+00:00\",\"description\":\"Adobe Premiere Pro. Mis see on, missugused funktsioonid tal on olemas. Mida saab seal teha ja tema ajalugu. Konspekt\",\"breadcrumb\":{\"@id\":\"https:\\\/\\\/veronikamilovzorova22.thkit.ee\\\/wp\\\/adobe-premiere-pro\\\/#breadcrumb\"},\"inLanguage\":\"en-US\",\"potentialAction\":[{\"@type\":\"ReadAction\",\"target\":[\"https:\\\/\\\/veronikamilovzorova22.thkit.ee\\\/wp\\\/adobe-premiere-pro\\\/\"]}]},{\"@type\":\"ImageObject\",\"inLanguage\":\"en-US\",\"@id\":\"https:\\\/\\\/veronikamilovzorova22.thkit.ee\\\/wp\\\/adobe-premiere-pro\\\/#primaryimage\",\"url\":\"https:\\\/\\\/veronikamilovzorova22.thkit.ee\\\/wp\\\/wp-content\\\/uploads\\\/2023\\\/05\\\/pilt-1-1.png\",\"contentUrl\":\"https:\\\/\\\/veronikamilovzorova22.thkit.ee\\\/wp\\\/wp-content\\\/uploads\\\/2023\\\/05\\\/pilt-1-1.png\"},{\"@type\":\"BreadcrumbList\",\"@id\":\"https:\\\/\\\/veronikamilovzorova22.thkit.ee\\\/wp\\\/adobe-premiere-pro\\\/#breadcrumb\",\"itemListElement\":[{\"@type\":\"ListItem\",\"position\":1,\"name\":\"Home\",\"item\":\"https:\\\/\\\/veronikamilovzorova22.thkit.ee\\\/wp\\\/\"},{\"@type\":\"ListItem\",\"position\":2,\"name\":\"Adobe Premiere Pro. Video\"}]},{\"@type\":\"WebSite\",\"@id\":\"https:\\\/\\\/veronikamilovzorova22.thkit.ee\\\/wp\\\/#website\",\"url\":\"https:\\\/\\\/veronikamilovzorova22.thkit.ee\\\/wp\\\/\",\"name\":\"Veronika Milovzorova portfolio\\\/ est\",\"description\":\"Noorem Tarkvaraarendaja\",\"potentialAction\":[{\"@type\":\"SearchAction\",\"target\":{\"@type\":\"EntryPoint\",\"urlTemplate\":\"https:\\\/\\\/veronikamilovzorova22.thkit.ee\\\/wp\\\/?s={search_term_string}\"},\"query-input\":{\"@type\":\"PropertyValueSpecification\",\"valueRequired\":true,\"valueName\":\"search_term_string\"}}],\"inLanguage\":\"en-US\"}]}<\/script>\n<!-- \/ Yoast SEO plugin. -->","yoast_head_json":{"title":"Adobe Premiere Pro. Video - Veronika Milovzorova portfolio\/ est","description":"Adobe Premiere Pro. Mis see on, missugused funktsioonid tal on olemas. Mida saab seal teha ja tema ajalugu. Konspekt","robots":{"index":"index","follow":"follow","max-snippet":"max-snippet:-1","max-image-preview":"max-image-preview:large","max-video-preview":"max-video-preview:-1"},"canonical":"https:\/\/veronikamilovzorova22.thkit.ee\/wp\/en\/adobe-premiere-pro\/","og_locale":"en_US","og_type":"article","og_title":"Adobe Premiere Pro. Video - Veronika Milovzorova portfolio\/ est","og_description":"Adobe Premiere Pro. Mis see on, missugused funktsioonid tal on olemas. Mida saab seal teha ja tema ajalugu. Konspekt","og_url":"https:\/\/veronikamilovzorova22.thkit.ee\/wp\/en\/adobe-premiere-pro\/","og_site_name":"Veronika Milovzorova portfolio\/ est","article_modified_time":"2023-12-22T07:45:13+00:00","og_image":[{"url":"https:\/\/veronikamilovzorova22.thkit.ee\/wp\/wp-content\/uploads\/2023\/05\/pilt-1-1.png","type":"","width":"","height":""}],"twitter_card":"summary_large_image","twitter_misc":{"Est. reading time":"3 minutes"},"schema":{"@context":"https:\/\/schema.org","@graph":[{"@type":"WebPage","@id":"https:\/\/veronikamilovzorova22.thkit.ee\/wp\/adobe-premiere-pro\/","url":"https:\/\/veronikamilovzorova22.thkit.ee\/wp\/adobe-premiere-pro\/","name":"Adobe Premiere Pro. Video - Veronika Milovzorova portfolio\/ est","isPartOf":{"@id":"https:\/\/veronikamilovzorova22.thkit.ee\/wp\/#website"},"primaryImageOfPage":{"@id":"https:\/\/veronikamilovzorova22.thkit.ee\/wp\/adobe-premiere-pro\/#primaryimage"},"image":{"@id":"https:\/\/veronikamilovzorova22.thkit.ee\/wp\/adobe-premiere-pro\/#primaryimage"},"thumbnailUrl":"https:\/\/veronikamilovzorova22.thkit.ee\/wp\/wp-content\/uploads\/2023\/05\/pilt-1-1.png","datePublished":"2023-05-04T11:06:14+00:00","dateModified":"2023-12-22T07:45:13+00:00","description":"Adobe Premiere Pro. Mis see on, missugused funktsioonid tal on olemas. Mida saab seal teha ja tema ajalugu. Konspekt","breadcrumb":{"@id":"https:\/\/veronikamilovzorova22.thkit.ee\/wp\/adobe-premiere-pro\/#breadcrumb"},"inLanguage":"en-US","potentialAction":[{"@type":"ReadAction","target":["https:\/\/veronikamilovzorova22.thkit.ee\/wp\/adobe-premiere-pro\/"]}]},{"@type":"ImageObject","inLanguage":"en-US","@id":"https:\/\/veronikamilovzorova22.thkit.ee\/wp\/adobe-premiere-pro\/#primaryimage","url":"https:\/\/veronikamilovzorova22.thkit.ee\/wp\/wp-content\/uploads\/2023\/05\/pilt-1-1.png","contentUrl":"https:\/\/veronikamilovzorova22.thkit.ee\/wp\/wp-content\/uploads\/2023\/05\/pilt-1-1.png"},{"@type":"BreadcrumbList","@id":"https:\/\/veronikamilovzorova22.thkit.ee\/wp\/adobe-premiere-pro\/#breadcrumb","itemListElement":[{"@type":"ListItem","position":1,"name":"Home","item":"https:\/\/veronikamilovzorova22.thkit.ee\/wp\/"},{"@type":"ListItem","position":2,"name":"Adobe Premiere Pro. Video"}]},{"@type":"WebSite","@id":"https:\/\/veronikamilovzorova22.thkit.ee\/wp\/#website","url":"https:\/\/veronikamilovzorova22.thkit.ee\/wp\/","name":"Veronika Milovzorova portfolio\/ eng","description":"junior software developer","potentialAction":[{"@type":"SearchAction","target":{"@type":"EntryPoint","urlTemplate":"https:\/\/veronikamilovzorova22.thkit.ee\/wp\/?s={search_term_string}"},"query-input":{"@type":"PropertyValueSpecification","valueRequired":true,"valueName":"search_term_string"}}],"inLanguage":"en-US"}]}},"jetpack_sharing_enabled":true,"_links":{"self":[{"href":"https:\/\/veronikamilovzorova22.thkit.ee\/wp\/en\/wp-json\/wp\/v2\/pages\/1082","targetHints":{"allow":["GET"]}}],"collection":[{"href":"https:\/\/veronikamilovzorova22.thkit.ee\/wp\/en\/wp-json\/wp\/v2\/pages"}],"about":[{"href":"https:\/\/veronikamilovzorova22.thkit.ee\/wp\/en\/wp-json\/wp\/v2\/types\/page"}],"author":[{"embeddable":true,"href":"https:\/\/veronikamilovzorova22.thkit.ee\/wp\/en\/wp-json\/wp\/v2\/users\/1"}],"replies":[{"embeddable":true,"href":"https:\/\/veronikamilovzorova22.thkit.ee\/wp\/en\/wp-json\/wp\/v2\/comments?post=1082"}],"version-history":[{"count":3,"href":"https:\/\/veronikamilovzorova22.thkit.ee\/wp\/en\/wp-json\/wp\/v2\/pages\/1082\/revisions"}],"predecessor-version":[{"id":2050,"href":"https:\/\/veronikamilovzorova22.thkit.ee\/wp\/en\/wp-json\/wp\/v2\/pages\/1082\/revisions\/2050"}],"wp:attachment":[{"href":"https:\/\/veronikamilovzorova22.thkit.ee\/wp\/en\/wp-json\/wp\/v2\/media?parent=1082"}],"curies":[{"name":"wp","href":"https:\/\/api.w.org\/{rel}","templated":true}]}}